{"id":38608,"date":"2019-06-27T08:00:35","date_gmt":"2019-06-27T08:00:35","guid":{"rendered":"https:\/\/www.igt.nl\/?post_type=product&#038;p=38608"},"modified":"2025-12-17T08:03:11","modified_gmt":"2025-12-17T08:03:11","slug":"amsterdam-6","status":"publish","type":"product","link":"https:\/\/www.igt.nl\/es\/producto\/amsterdam-6\/","title":{"rendered":"Amsterdam 6"},"content":{"rendered":"<p>Comprobador de imprimibilidad polivalente automatizado con seis ejes de impresi\u00f3n.<\/p>\n<p>Nueva gama de comprobadores de imprimibilidad con sistemas de an\u00e1lisis integrados, basados en c\u00e1maras. La gama consta de dispositivos con uno a seis ejes de impresi\u00f3n para una flexibilidad m\u00e1xima de los m\u00e9todos de prueba. La amplia gama de m\u00e9todos de prueba puede ampliarse con m\u00e9todos definidos por el usuario. Con ello es capaz de realizar todas las pruebas de un Global Standard Tester P m\u00e1s las pruebas de un Global Standard Tester 2 y m\u00e1s, incluidas combinaciones de velocidad constante y creciente en un m\u00e9todo de prueba.   <\/p>\n<p>Adem\u00e1s, est\u00e1 preparado para hacer an\u00e1lisis en l\u00ednea de picado ISO 3783, moteado, Heliotest, penetraci\u00f3n de impresi\u00f3n, rugosidad IGT e hidroexpansividad con un sistema de an\u00e1lisis basado en c\u00e1maras.<\/p>\n<ul>\n<li>De 1 a 6 ejes de impresi\u00f3n, cada uno puede equiparse con un accionamiento para imprimir en registro si es necesario<\/li>\n<li>Tiempos de intervalo muy peque\u00f1os, hasta 0,02 s<\/li>\n<li>Gran n\u00famero de m\u00e9todos de ensayo<\/li>\n<li>Muy f\u00e1cil de manejar<\/li>\n<li>An\u00e1lisis en l\u00ednea de varios m\u00e9todos de ensayo<\/li>\n<li>Exportaci\u00f3n de im\u00e1genes escaneadas y resultados<\/li>\n<\/ul>\n","protected":false},"excerpt":{"rendered":"<p>Comprobador de imprimibilidad polivalente automatizado con seis ejes de impresi\u00f3n.<\/p>\n","protected":false},"featured_media":38610,"comment_status":"closed","ping_status":"closed","template":"","meta":{"_acf_changed":false,"inline_featured_image":false},"product_brand":[],"product_cat":[3569,3568,3438,3941,3435],"product_tag":[],"class_list":{"0":"post-38608","1":"product","2":"type-product","3":"status-publish","4":"has-post-thumbnail","6":"product_cat-amsterdam","7":"product_cat-comprobadores-de-papel","8":"product_cat-comprobadores-electronicos","9":"product_cat-polivalente","10":"product_cat-probadores-de-tinta","11":"product_shipping_class-normaal","12":"pa_additional-items-466-000-000-unidad-de-entintado-de-alta-velocidad-4","13":"pa_analysis-options-elige-iso-3783","14":"pa_analysis-options-heliotest","15":"pa_analysis-options-hidroexpansividad","16":"pa_analysis-options-moteado","17":"pa_analysis-options-penetracion-de-la-impresion","18":"pa_analysis-options-rugosidad-igt","19":"pa_analysis-options-si","20":"pa_camera-si","21":"pa_conformance-with-standards-iso-2834","22":"pa_conformance-with-standards-iso-2836","23":"pa_conformance-with-standards-iso-2846","24":"pa_conformance-with-standards-iso-3783-2006","25":"pa_data-export-options-grabacion-y-exportacion-de-imagenes-ajustes-y-resultados-de-analisis-mediante-usb","26":"pa_dimensions-d-x-w-x-h-cm-60-x-63-x-73","27":"pa_dispensing-system-si-es-necesario-se-entregara-en-juego-de-accesorios","28":"pa_doctoring-system-de-serie-en-los-ejes-de-impresion-1-y-6","29":"pa_forces-100-1000-n-en-pasos-de-1-n","30":"pa_guarantee-estandar-un-ano","31":"pa_inks-or-liquids-aceite-de-prueba-pick","32":"pa_inks-or-liquids-liquido-de-penetracion","33":"pa_inks-or-liquids-liquido-de-rugosidad","34":"pa_inks-or-liquids-tinta-de-compensacion","35":"pa_inks-or-liquids-tinta-de-prueba-de-densidad","36":"pa_inks-or-liquids-tinta-de-prueba-de-moteado","37":"pa_inks-or-liquids-tinta-de-prueba-pick","38":"pa_interfaces-portal-usb","39":"pa_interval-time-and-number-1-600-s-en-pasos-de-1-s","40":"pa_maintenance-anual","41":"pa_maintenance-el-mantenimiento-y-la-calibracion-anuales-del-comprobador-pueden-ser-realizados-por-igt-testing-systems-o-por-empresas-autorizadas-por-igt-testing-systems","42":"pa_maintenance-puedes-obtener-informacion-de-tu-proveedor-o-del-agente-local","43":"pa_nr-of-doctoring-systems-4422","44":"pa_nr-of-printing-shafts-4423","45":"pa_power-supply-requirements-115-v-50-60-hz-o-230-v-50-60-hz","46":"pa_pre-programmed-tests-no","47":"pa_print-length-and-width-mm-10-550-de-longitud-depende-del-sector-depende-de-la-forma-de-impresion-y-del-metodo-de-ensayo","48":"pa_printing-discs-discos-para-pruebas-especificas","49":"pa_printing-discs-goma","50":"pa_printing-discs-heliotest","51":"pa_printing-discs-huecograbado","52":"pa_printing-discs-manta-de-goma","53":"pa_sector-positioning-automaticamente","54":"pa_sector-positioning-programable","55":"pa_sector-type-and-options-sector-de-180-con-pinzas","56":"pa_sector-type-and-options-sector-de-360-sin-abrazaderas-con-diferentes-coberturas","57":"pa_software-updates-por-usb","58":"pa_space-requirements-0-7-m","59":"pa_speed-range-and-modes-velocidad-constante-01-40-m-s-en-pasos-de-01-m-s","60":"pa_speed-range-and-modes-velocidad-final-de-aceleracion-01-40-m-s-en-pasos-de-01-m-s","61":"pa_substrate-requirements-sustratos-flexibles","62":"pa_test-method-adherencia-del-toner-velocidad-constante-w55","63":"pa_test-method-adherencia-del-toner-velocidad-creciente-w56","64":"pa_test-method-atrapamiento-de-tinta-humedo-sobre-humedo-2c-4c-w46","65":"pa_test-method-barniz-de-impresion","66":"pa_test-method-calcografia-w85","67":"pa_test-method-color-densidad-transferencia-de-tinta-w46","68":"pa_test-method-compensacion-w48-w78","69":"pa_test-method-elige-desplazamiento-delaminacion-w65-w75","70":"pa_test-method-elige-igt-iso-3783-w31","71":"pa_test-method-elige-indice-y-curva-passestofail-w86-w87-w88","72":"pa_test-method-golpe-a-traves-w43","73":"pa_test-method-heliotest-w41","74":"pa_test-method-hidroexpensividad-w89","75":"pa_test-method-huecograbado-180-w67","76":"pa_test-method-huecograbado-360-w73","77":"pa_test-method-huecograbado-4-veces","78":"pa_test-method-impresion-brillo-w49","79":"pa_test-method-impresion-flexografica-w76","80":"pa_test-method-impresion-tramada-w45","81":"pa_test-method-manta-de-caucho-de-transferencia-de-tinta-w74","82":"pa_test-method-manta-de-goma-de-absorcion-de-tinta-w61","83":"pa_test-method-moteado-curva-de-impresion-w58","84":"pa_test-method-moteado-curva-de-interferencia-del-agua-w59","85":"pa_test-method-moteado-curva-trampa-de-tinta-w58","86":"pa_test-method-moteado-curva-trampa-trasera-w57","87":"pa_test-method-moteado-indice-de-atrapamiento-posterior-w57","88":"pa_test-method-moteado-indice-de-impresion-w58","89":"pa_test-method-moteado-indice-de-interferencia-de-agua-w59","90":"pa_test-method-moteado-indice-de-trampas-de-tinta-w58","91":"pa_test-method-pelusa-w33","92":"pa_test-method-pelusa-w44","93":"pa_test-method-pelusa-prehumedecida","94":"pa_test-method-penetracion-de-la-impresion-w24","95":"pa_test-method-pick-westvaco-w38","96":"pa_test-method-recogida-recogida-humeda-repelencia-humeda-w32-w66","97":"pa_test-method-rugosidad-de-la-manta-de-goma-w62","98":"pa_test-method-rugosidad-igt-w28","99":"pa_test-method-suavidad-de-impresion-w77","100":"pa_weight-150-kg","102":"first","103":"instock","104":"featured","105":"shipping-taxable","106":"purchasable","107":"product-type-simple"},"acf":[],"yoast_head":"<!-- This site is optimized with the Yoast SEO plugin v27.3 - https:\/\/yoast.com\/product\/yoast-seo-wordpress\/ -->\n<title>Amsterdam 6 - IGT Testing Systems<\/title>\n<meta name=\"description\" content=\"Comprobador de imprimibilidad multifunci\u00f3n automatizado con seis ejes de impresi\u00f3n y sistemas de an\u00e1lisis integrados basados en c\u00e1maras.\" \/>\n<meta name=\"robots\" content=\"index, follow, max-snippet:-1, max-image-preview:large, max-video-preview:-1\" \/>\n<link rel=\"canonical\" href=\"https:\/\/www.igt.nl\/es\/producto\/amsterdam-6\/\" \/>\n<meta property=\"og:locale\" content=\"es_ES\" \/>\n<meta property=\"og:type\" content=\"article\" \/>\n<meta property=\"og:title\" content=\"Amsterdam 6 - IGT Testing Systems\" \/>\n<meta property=\"og:description\" content=\"Comprobador de imprimibilidad multifunci\u00f3n automatizado con seis ejes de impresi\u00f3n y sistemas de an\u00e1lisis integrados basados en c\u00e1maras.\" \/>\n<meta property=\"og:url\" content=\"https:\/\/www.igt.nl\/es\/producto\/amsterdam-6\/\" \/>\n<meta property=\"og:site_name\" content=\"IGT Testing Systems\" \/>\n<meta property=\"article:modified_time\" content=\"2025-12-17T08:03:11+00:00\" \/>\n<meta property=\"og:image\" content=\"https:\/\/www.igt.nl\/wp-content\/uploads\/726.000.000-Amsterdam-6_MGF7776_Mottle-Water-Int_vs-rvs_1-1.jpg\" \/>\n\t<meta property=\"og:image:width\" content=\"820\" \/>\n\t<meta property=\"og:image:height\" content=\"820\" \/>\n\t<meta property=\"og:image:type\" content=\"image\/jpeg\" \/>\n<meta name=\"twitter:card\" content=\"summary_large_image\" \/>\n<meta name=\"twitter:label1\" content=\"Tiempo de lectura\" \/>\n\t<meta name=\"twitter:data1\" content=\"1 minuto\" \/>\n<script type=\"application\/ld+json\" class=\"yoast-schema-graph\">{\"@context\":\"https:\\\/\\\/schema.org\",\"@graph\":[{\"@type\":\"WebPage\",\"@id\":\"https:\\\/\\\/www.igt.nl\\\/es\\\/producto\\\/amsterdam-6\\\/\",\"url\":\"https:\\\/\\\/www.igt.nl\\\/es\\\/producto\\\/amsterdam-6\\\/\",\"name\":\"Amsterdam 6 - IGT Testing Systems\",\"isPartOf\":{\"@id\":\"https:\\\/\\\/www.igt.nl\\\/es\\\/#website\"},\"primaryImageOfPage\":{\"@id\":\"https:\\\/\\\/www.igt.nl\\\/es\\\/producto\\\/amsterdam-6\\\/#primaryimage\"},\"image\":{\"@id\":\"https:\\\/\\\/www.igt.nl\\\/es\\\/producto\\\/amsterdam-6\\\/#primaryimage\"},\"thumbnailUrl\":\"https:\\\/\\\/www.igt.nl\\\/wp-content\\\/uploads\\\/726.000.000-Amsterdam-6_MGF7776_Mottle-Water-Int_vs-rvs_1-1.jpg\",\"datePublished\":\"2019-06-27T08:00:35+00:00\",\"dateModified\":\"2025-12-17T08:03:11+00:00\",\"description\":\"Comprobador de imprimibilidad multifunci\u00f3n automatizado con seis ejes de impresi\u00f3n y sistemas de an\u00e1lisis integrados basados en c\u00e1maras.\",\"breadcrumb\":{\"@id\":\"https:\\\/\\\/www.igt.nl\\\/es\\\/producto\\\/amsterdam-6\\\/#breadcrumb\"},\"inLanguage\":\"es\",\"potentialAction\":[{\"@type\":\"ReadAction\",\"target\":[\"https:\\\/\\\/www.igt.nl\\\/es\\\/producto\\\/amsterdam-6\\\/\"]}]},{\"@type\":\"ImageObject\",\"inLanguage\":\"es\",\"@id\":\"https:\\\/\\\/www.igt.nl\\\/es\\\/producto\\\/amsterdam-6\\\/#primaryimage\",\"url\":\"https:\\\/\\\/www.igt.nl\\\/wp-content\\\/uploads\\\/726.000.000-Amsterdam-6_MGF7776_Mottle-Water-Int_vs-rvs_1-1.jpg\",\"contentUrl\":\"https:\\\/\\\/www.igt.nl\\\/wp-content\\\/uploads\\\/726.000.000-Amsterdam-6_MGF7776_Mottle-Water-Int_vs-rvs_1-1.jpg\",\"width\":820,\"height\":820},{\"@type\":\"BreadcrumbList\",\"@id\":\"https:\\\/\\\/www.igt.nl\\\/es\\\/producto\\\/amsterdam-6\\\/#breadcrumb\",\"itemListElement\":[{\"@type\":\"ListItem\",\"position\":1,\"name\":\"Home\",\"item\":\"https:\\\/\\\/www.igt.nl\\\/es\\\/?page_id=36171\"},{\"@type\":\"ListItem\",\"position\":2,\"name\":\"Tienda\",\"item\":\"https:\\\/\\\/www.igt.nl\\\/es\\\/?page_id=36068\"},{\"@type\":\"ListItem\",\"position\":3,\"name\":\"Amsterdam\",\"item\":\"https:\\\/\\\/www.igt.nl\\\/es\\\/product-categorie\\\/amsterdam\\\/\"},{\"@type\":\"ListItem\",\"position\":4,\"name\":\"Amsterdam 6\"}]},{\"@type\":\"WebSite\",\"@id\":\"https:\\\/\\\/www.igt.nl\\\/es\\\/#website\",\"url\":\"https:\\\/\\\/www.igt.nl\\\/es\\\/\",\"name\":\"IGT Testing Systems\",\"description\":\"\",\"potentialAction\":[{\"@type\":\"SearchAction\",\"target\":{\"@type\":\"EntryPoint\",\"urlTemplate\":\"https:\\\/\\\/www.igt.nl\\\/es\\\/?s={search_term_string}\"},\"query-input\":{\"@type\":\"PropertyValueSpecification\",\"valueRequired\":true,\"valueName\":\"search_term_string\"}}],\"inLanguage\":\"es\"}]}<\/script>\n<!-- \/ Yoast SEO plugin. -->","yoast_head_json":{"title":"Amsterdam 6 - IGT Testing Systems","description":"Comprobador de imprimibilidad multifunci\u00f3n automatizado con seis ejes de impresi\u00f3n y sistemas de an\u00e1lisis integrados basados en c\u00e1maras.","robots":{"index":"index","follow":"follow","max-snippet":"max-snippet:-1","max-image-preview":"max-image-preview:large","max-video-preview":"max-video-preview:-1"},"canonical":"https:\/\/www.igt.nl\/es\/producto\/amsterdam-6\/","og_locale":"es_ES","og_type":"article","og_title":"Amsterdam 6 - IGT Testing Systems","og_description":"Comprobador de imprimibilidad multifunci\u00f3n automatizado con seis ejes de impresi\u00f3n y sistemas de an\u00e1lisis integrados basados en c\u00e1maras.","og_url":"https:\/\/www.igt.nl\/es\/producto\/amsterdam-6\/","og_site_name":"IGT Testing Systems","article_modified_time":"2025-12-17T08:03:11+00:00","og_image":[{"width":820,"height":820,"url":"https:\/\/www.igt.nl\/wp-content\/uploads\/726.000.000-Amsterdam-6_MGF7776_Mottle-Water-Int_vs-rvs_1-1.jpg","type":"image\/jpeg"}],"twitter_card":"summary_large_image","twitter_misc":{"Tiempo de lectura":"1 minuto"},"schema":{"@context":"https:\/\/schema.org","@graph":[{"@type":"WebPage","@id":"https:\/\/www.igt.nl\/es\/producto\/amsterdam-6\/","url":"https:\/\/www.igt.nl\/es\/producto\/amsterdam-6\/","name":"Amsterdam 6 - IGT Testing Systems","isPartOf":{"@id":"https:\/\/www.igt.nl\/es\/#website"},"primaryImageOfPage":{"@id":"https:\/\/www.igt.nl\/es\/producto\/amsterdam-6\/#primaryimage"},"image":{"@id":"https:\/\/www.igt.nl\/es\/producto\/amsterdam-6\/#primaryimage"},"thumbnailUrl":"https:\/\/www.igt.nl\/wp-content\/uploads\/726.000.000-Amsterdam-6_MGF7776_Mottle-Water-Int_vs-rvs_1-1.jpg","datePublished":"2019-06-27T08:00:35+00:00","dateModified":"2025-12-17T08:03:11+00:00","description":"Comprobador de imprimibilidad multifunci\u00f3n automatizado con seis ejes de impresi\u00f3n y sistemas de an\u00e1lisis integrados basados en c\u00e1maras.","breadcrumb":{"@id":"https:\/\/www.igt.nl\/es\/producto\/amsterdam-6\/#breadcrumb"},"inLanguage":"es","potentialAction":[{"@type":"ReadAction","target":["https:\/\/www.igt.nl\/es\/producto\/amsterdam-6\/"]}]},{"@type":"ImageObject","inLanguage":"es","@id":"https:\/\/www.igt.nl\/es\/producto\/amsterdam-6\/#primaryimage","url":"https:\/\/www.igt.nl\/wp-content\/uploads\/726.000.000-Amsterdam-6_MGF7776_Mottle-Water-Int_vs-rvs_1-1.jpg","contentUrl":"https:\/\/www.igt.nl\/wp-content\/uploads\/726.000.000-Amsterdam-6_MGF7776_Mottle-Water-Int_vs-rvs_1-1.jpg","width":820,"height":820},{"@type":"BreadcrumbList","@id":"https:\/\/www.igt.nl\/es\/producto\/amsterdam-6\/#breadcrumb","itemListElement":[{"@type":"ListItem","position":1,"name":"Home","item":"https:\/\/www.igt.nl\/es\/?page_id=36171"},{"@type":"ListItem","position":2,"name":"Tienda","item":"https:\/\/www.igt.nl\/es\/?page_id=36068"},{"@type":"ListItem","position":3,"name":"Amsterdam","item":"https:\/\/www.igt.nl\/es\/product-categorie\/amsterdam\/"},{"@type":"ListItem","position":4,"name":"Amsterdam 6"}]},{"@type":"WebSite","@id":"https:\/\/www.igt.nl\/es\/#website","url":"https:\/\/www.igt.nl\/es\/","name":"IGT Testing Systems","description":"","potentialAction":[{"@type":"SearchAction","target":{"@type":"EntryPoint","urlTemplate":"https:\/\/www.igt.nl\/es\/?s={search_term_string}"},"query-input":{"@type":"PropertyValueSpecification","valueRequired":true,"valueName":"search_term_string"}}],"inLanguage":"es"}]}},"_links":{"self":[{"href":"https:\/\/www.igt.nl\/es\/wp-json\/wp\/v2\/product\/38608","targetHints":{"allow":["GET"]}}],"collection":[{"href":"https:\/\/www.igt.nl\/es\/wp-json\/wp\/v2\/product"}],"about":[{"href":"https:\/\/www.igt.nl\/es\/wp-json\/wp\/v2\/types\/product"}],"replies":[{"embeddable":true,"href":"https:\/\/www.igt.nl\/es\/wp-json\/wp\/v2\/comments?post=38608"}],"wp:featuredmedia":[{"embeddable":true,"href":"https:\/\/www.igt.nl\/es\/wp-json\/wp\/v2\/media\/38610"}],"wp:attachment":[{"href":"https:\/\/www.igt.nl\/es\/wp-json\/wp\/v2\/media?parent=38608"}],"wp:term":[{"taxonomy":"product_brand","embeddable":true,"href":"https:\/\/www.igt.nl\/es\/wp-json\/wp\/v2\/product_brand?post=38608"},{"taxonomy":"product_cat","embeddable":true,"href":"https:\/\/www.igt.nl\/es\/wp-json\/wp\/v2\/product_cat?post=38608"},{"taxonomy":"product_tag","embeddable":true,"href":"https:\/\/www.igt.nl\/es\/wp-json\/wp\/v2\/product_tag?post=38608"}],"curies":[{"name":"wp","href":"https:\/\/api.w.org\/{rel}","templated":true}]}}