{"id":38614,"date":"2019-06-28T06:00:44","date_gmt":"2019-06-28T06:00:44","guid":{"rendered":"https:\/\/www.igt.nl\/product\/a1-3-renovado\/"},"modified":"2025-12-12T08:29:17","modified_gmt":"2025-12-12T08:29:17","slug":"a1-3-renovado","status":"publish","type":"product","link":"https:\/\/www.igt.nl\/es\/producto\/a1-3-renovado\/","title":{"rendered":"A1-3 Renovado"},"content":{"rendered":"<p><u><strong>Ya no se fabrica, s\u00f3lo hay unidades de segunda mano disponibles.<\/strong><\/u><\/p>\n<p>Comprobadores manuales de modelos convencionales.<br \/>\n-F\u00e1cil de limpiar<br \/>\n-Sencillo de manejar<\/p>\n<p>IGT Testing Systems lleva muchas d\u00e9cadas suministrando los conocidos comprobadores de imprimibilidad A1 y A2 para realizar numerosas pruebas en distintos sustratos y tintas en el control de calidad y la investigaci\u00f3n. Estos comprobadores, aunque en gran parte han sido sustituidos por los modelos el\u00e9ctricos AIC2-5, Global Standard Tester, C1 y Orange Proofer, siguen siendo demandados y producidos.<br \/>\n-Prueba peque\u00f1as cantidades de tinta y sustrato en condiciones espec\u00edficas.<br \/>\n-Ahorra costes porque muchas pruebas pueden hacerse antes de ir a imprenta.<\/p>\n<p><strong>APLICACIONES<\/strong><br \/>\nLas tiras de prueba realizadas con el comprobador de imprimibilidad A1-3 o A2-3 son adecuadas para muchos fines, ponte en contacto con IGT para obtener descripciones detalladas de las pruebas (folletos W):<br \/>\n-medici\u00f3n del color con sistemas de medici\u00f3n del color, espectrofot\u00f3metros<br \/>\n-apreciaci\u00f3n visual<br \/>\n-medici\u00f3n de la densidad, incluido el establecimiento de tolerancias<br \/>\n-determinaci\u00f3n de la cobertura, resistencia al rayado, resistencia al desgaste, flexibilidad, adherencia y brillo, transferencia de tinta (en g\/m\u00b2), solidez a la luz y resistencia a los productos qu\u00edmicos<br \/>\n-prueba de la calidad de impresi\u00f3n, picado, rugosidad, Heliotest, penetraci\u00f3n de la impresi\u00f3n, despegado, golpeado a trav\u00e9s, art\u00edculos de papel sueltos y d\u00e9bilmente encuadernados.<\/p>\n<p>Los comprobadores A1-3 y A2-3 imprimen en todo tipo de materiales flexibles, como papel, cart\u00f3n, pel\u00edcula de pl\u00e1stico, celof\u00e1n, laminado, metal, etc.<\/p>\n<p>Los comprobadores se utilizan en las siguientes industrias:<br \/>\n-tintas de impresi\u00f3n, papel y cart\u00f3n, imprentas<br \/>\n-industrias del metal, pl\u00e1stico y envases<br \/>\n-industrias de resinas, lacas y revestimientos<br \/>\n-industria de materias primas<br \/>\n-formaci\u00f3n y educaci\u00f3n<\/p>\n<p>Los conjuntos IGT A1-3 y A2-3 incluyen un juego de discos de impresi\u00f3n para la prueba de arranque y otras pruebas diferentes, embalajes de papel, mantas de goma y un sector con pinzas y una camilla de embalaje ajustable. Hay accesorios disponibles para la prueba de penetraci\u00f3n (aceite) IGT Print, la prueba de rugosidad IGT y el huecograbado, as\u00ed como una gama de discos de impresi\u00f3n. <\/p>\n","protected":false},"excerpt":{"rendered":"<p>Ya no se fabrica, s\u00f3lo hay unidades de segunda mano disponibles. Comprobadores manuales de modelos convencionales. -F\u00e1cil de limpiar -Sencillo&#8230;<\/p>\n","protected":false},"featured_media":38615,"comment_status":"closed","ping_status":"closed","template":"","meta":{"_acf_changed":false,"inline_featured_image":false},"product_brand":[],"product_cat":[3568],"product_tag":[],"class_list":{"0":"post-38614","1":"product","2":"type-product","3":"status-publish","4":"has-post-thumbnail","6":"product_cat-comprobadores-de-papel","8":"first","9":"instock","10":"shipping-taxable","11":"purchasable","12":"product-type-simple"},"acf":[],"yoast_head":"<!-- This site is optimized with the Yoast SEO plugin v27.3 - https:\/\/yoast.com\/product\/yoast-seo-wordpress\/ -->\n<title>A1-3 Renovado - IGT Testing Systems<\/title>\n<meta name=\"robots\" content=\"index, follow, max-snippet:-1, max-image-preview:large, max-video-preview:-1\" \/>\n<link rel=\"canonical\" href=\"https:\/\/www.igt.nl\/es\/producto\/a1-3-renovado\/\" \/>\n<meta property=\"og:locale\" content=\"es_ES\" \/>\n<meta property=\"og:type\" content=\"article\" \/>\n<meta property=\"og:title\" content=\"A1-3 Renovado - IGT Testing Systems\" \/>\n<meta property=\"og:description\" content=\"Ya no se fabrica, s\u00f3lo hay unidades de segunda mano disponibles. Comprobadores manuales de modelos convencionales. -F\u00e1cil de limpiar -Sencillo...\" \/>\n<meta property=\"og:url\" content=\"https:\/\/www.igt.nl\/es\/producto\/a1-3-renovado\/\" \/>\n<meta property=\"og:site_name\" content=\"IGT Testing Systems\" \/>\n<meta property=\"article:modified_time\" content=\"2025-12-12T08:29:17+00:00\" \/>\n<meta property=\"og:image\" content=\"https:\/\/www.igt.nl\/wp-content\/uploads\/A1-3FR-700x700-1.jpg\" \/>\n\t<meta property=\"og:image:width\" content=\"700\" \/>\n\t<meta property=\"og:image:height\" content=\"700\" \/>\n\t<meta property=\"og:image:type\" content=\"image\/jpeg\" \/>\n<meta name=\"twitter:card\" content=\"summary_large_image\" \/>\n<meta name=\"twitter:label1\" content=\"Tiempo de lectura\" \/>\n\t<meta name=\"twitter:data1\" content=\"2 minutos\" \/>\n<script type=\"application\/ld+json\" class=\"yoast-schema-graph\">{\"@context\":\"https:\\\/\\\/schema.org\",\"@graph\":[{\"@type\":\"WebPage\",\"@id\":\"https:\\\/\\\/www.igt.nl\\\/es\\\/producto\\\/a1-3-renovado\\\/\",\"url\":\"https:\\\/\\\/www.igt.nl\\\/es\\\/producto\\\/a1-3-renovado\\\/\",\"name\":\"A1-3 Renovado - IGT Testing Systems\",\"isPartOf\":{\"@id\":\"https:\\\/\\\/www.igt.nl\\\/es\\\/#website\"},\"primaryImageOfPage\":{\"@id\":\"https:\\\/\\\/www.igt.nl\\\/es\\\/producto\\\/a1-3-renovado\\\/#primaryimage\"},\"image\":{\"@id\":\"https:\\\/\\\/www.igt.nl\\\/es\\\/producto\\\/a1-3-renovado\\\/#primaryimage\"},\"thumbnailUrl\":\"https:\\\/\\\/www.igt.nl\\\/wp-content\\\/uploads\\\/A1-3FR-700x700-1.jpg\",\"datePublished\":\"2019-06-28T06:00:44+00:00\",\"dateModified\":\"2025-12-12T08:29:17+00:00\",\"breadcrumb\":{\"@id\":\"https:\\\/\\\/www.igt.nl\\\/es\\\/producto\\\/a1-3-renovado\\\/#breadcrumb\"},\"inLanguage\":\"es\",\"potentialAction\":[{\"@type\":\"ReadAction\",\"target\":[\"https:\\\/\\\/www.igt.nl\\\/es\\\/producto\\\/a1-3-renovado\\\/\"]}]},{\"@type\":\"ImageObject\",\"inLanguage\":\"es\",\"@id\":\"https:\\\/\\\/www.igt.nl\\\/es\\\/producto\\\/a1-3-renovado\\\/#primaryimage\",\"url\":\"https:\\\/\\\/www.igt.nl\\\/wp-content\\\/uploads\\\/A1-3FR-700x700-1.jpg\",\"contentUrl\":\"https:\\\/\\\/www.igt.nl\\\/wp-content\\\/uploads\\\/A1-3FR-700x700-1.jpg\",\"width\":700,\"height\":700},{\"@type\":\"BreadcrumbList\",\"@id\":\"https:\\\/\\\/www.igt.nl\\\/es\\\/producto\\\/a1-3-renovado\\\/#breadcrumb\",\"itemListElement\":[{\"@type\":\"ListItem\",\"position\":1,\"name\":\"Home\",\"item\":\"https:\\\/\\\/www.igt.nl\\\/es\\\/?page_id=36171\"},{\"@type\":\"ListItem\",\"position\":2,\"name\":\"Tienda\",\"item\":\"https:\\\/\\\/www.igt.nl\\\/es\\\/?page_id=36068\"},{\"@type\":\"ListItem\",\"position\":3,\"name\":\"A1-3 Renovado\"}]},{\"@type\":\"WebSite\",\"@id\":\"https:\\\/\\\/www.igt.nl\\\/es\\\/#website\",\"url\":\"https:\\\/\\\/www.igt.nl\\\/es\\\/\",\"name\":\"IGT Testing Systems\",\"description\":\"\",\"potentialAction\":[{\"@type\":\"SearchAction\",\"target\":{\"@type\":\"EntryPoint\",\"urlTemplate\":\"https:\\\/\\\/www.igt.nl\\\/es\\\/?s={search_term_string}\"},\"query-input\":{\"@type\":\"PropertyValueSpecification\",\"valueRequired\":true,\"valueName\":\"search_term_string\"}}],\"inLanguage\":\"es\"}]}<\/script>\n<!-- \/ Yoast SEO plugin. -->","yoast_head_json":{"title":"A1-3 Renovado - IGT Testing Systems","robots":{"index":"index","follow":"follow","max-snippet":"max-snippet:-1","max-image-preview":"max-image-preview:large","max-video-preview":"max-video-preview:-1"},"canonical":"https:\/\/www.igt.nl\/es\/producto\/a1-3-renovado\/","og_locale":"es_ES","og_type":"article","og_title":"A1-3 Renovado - IGT Testing Systems","og_description":"Ya no se fabrica, s\u00f3lo hay unidades de segunda mano disponibles. Comprobadores manuales de modelos convencionales. -F\u00e1cil de limpiar -Sencillo...","og_url":"https:\/\/www.igt.nl\/es\/producto\/a1-3-renovado\/","og_site_name":"IGT Testing Systems","article_modified_time":"2025-12-12T08:29:17+00:00","og_image":[{"width":700,"height":700,"url":"https:\/\/www.igt.nl\/wp-content\/uploads\/A1-3FR-700x700-1.jpg","type":"image\/jpeg"}],"twitter_card":"summary_large_image","twitter_misc":{"Tiempo de lectura":"2 minutos"},"schema":{"@context":"https:\/\/schema.org","@graph":[{"@type":"WebPage","@id":"https:\/\/www.igt.nl\/es\/producto\/a1-3-renovado\/","url":"https:\/\/www.igt.nl\/es\/producto\/a1-3-renovado\/","name":"A1-3 Renovado - IGT Testing Systems","isPartOf":{"@id":"https:\/\/www.igt.nl\/es\/#website"},"primaryImageOfPage":{"@id":"https:\/\/www.igt.nl\/es\/producto\/a1-3-renovado\/#primaryimage"},"image":{"@id":"https:\/\/www.igt.nl\/es\/producto\/a1-3-renovado\/#primaryimage"},"thumbnailUrl":"https:\/\/www.igt.nl\/wp-content\/uploads\/A1-3FR-700x700-1.jpg","datePublished":"2019-06-28T06:00:44+00:00","dateModified":"2025-12-12T08:29:17+00:00","breadcrumb":{"@id":"https:\/\/www.igt.nl\/es\/producto\/a1-3-renovado\/#breadcrumb"},"inLanguage":"es","potentialAction":[{"@type":"ReadAction","target":["https:\/\/www.igt.nl\/es\/producto\/a1-3-renovado\/"]}]},{"@type":"ImageObject","inLanguage":"es","@id":"https:\/\/www.igt.nl\/es\/producto\/a1-3-renovado\/#primaryimage","url":"https:\/\/www.igt.nl\/wp-content\/uploads\/A1-3FR-700x700-1.jpg","contentUrl":"https:\/\/www.igt.nl\/wp-content\/uploads\/A1-3FR-700x700-1.jpg","width":700,"height":700},{"@type":"BreadcrumbList","@id":"https:\/\/www.igt.nl\/es\/producto\/a1-3-renovado\/#breadcrumb","itemListElement":[{"@type":"ListItem","position":1,"name":"Home","item":"https:\/\/www.igt.nl\/es\/?page_id=36171"},{"@type":"ListItem","position":2,"name":"Tienda","item":"https:\/\/www.igt.nl\/es\/?page_id=36068"},{"@type":"ListItem","position":3,"name":"A1-3 Renovado"}]},{"@type":"WebSite","@id":"https:\/\/www.igt.nl\/es\/#website","url":"https:\/\/www.igt.nl\/es\/","name":"IGT Testing Systems","description":"","potentialAction":[{"@type":"SearchAction","target":{"@type":"EntryPoint","urlTemplate":"https:\/\/www.igt.nl\/es\/?s={search_term_string}"},"query-input":{"@type":"PropertyValueSpecification","valueRequired":true,"valueName":"search_term_string"}}],"inLanguage":"es"}]}},"_links":{"self":[{"href":"https:\/\/www.igt.nl\/es\/wp-json\/wp\/v2\/product\/38614","targetHints":{"allow":["GET"]}}],"collection":[{"href":"https:\/\/www.igt.nl\/es\/wp-json\/wp\/v2\/product"}],"about":[{"href":"https:\/\/www.igt.nl\/es\/wp-json\/wp\/v2\/types\/product"}],"replies":[{"embeddable":true,"href":"https:\/\/www.igt.nl\/es\/wp-json\/wp\/v2\/comments?post=38614"}],"wp:featuredmedia":[{"embeddable":true,"href":"https:\/\/www.igt.nl\/es\/wp-json\/wp\/v2\/media\/38615"}],"wp:attachment":[{"href":"https:\/\/www.igt.nl\/es\/wp-json\/wp\/v2\/media?parent=38614"}],"wp:term":[{"taxonomy":"product_brand","embeddable":true,"href":"https:\/\/www.igt.nl\/es\/wp-json\/wp\/v2\/product_brand?post=38614"},{"taxonomy":"product_cat","embeddable":true,"href":"https:\/\/www.igt.nl\/es\/wp-json\/wp\/v2\/product_cat?post=38614"},{"taxonomy":"product_tag","embeddable":true,"href":"https:\/\/www.igt.nl\/es\/wp-json\/wp\/v2\/product_tag?post=38614"}],"curies":[{"name":"wp","href":"https:\/\/api.w.org\/{rel}","templated":true}]}}