{"id":38619,"date":"2019-07-05T15:00:53","date_gmt":"2019-07-05T15:00:53","guid":{"rendered":"https:\/\/www.igt.nl\/?post_type=product&#038;p=38619"},"modified":"2025-12-17T08:03:10","modified_gmt":"2025-12-17T08:03:10","slug":"nbs-dispositivo-de-arrugado","status":"publish","type":"product","link":"https:\/\/www.igt.nl\/es\/producto\/nbs-dispositivo-de-arrugado\/","title":{"rendered":"NBS Dispositivo de arrugado"},"content":{"rendered":"<p>El dispositivo de arrugado NBS se utiliza especialmente para la comprobaci\u00f3n de billetes. Consta de una horquilla para enrollar la muestra de papel y un dispositivo en el que el papel enrollado se arruga bajo una presi\u00f3n fija. <\/p>\n<p>&nbsp;<\/p>\n<p>IGT Testing Systems ha desarrollado un dispositivo que evita cualquier variaci\u00f3n en la presi\u00f3n aplicada. Este <a href=\"https:\/\/www.igt.nl\/product\/422-250\/\">dispositivo de presi\u00f3n automatizado NBS<\/a> con unidad motriz garantiza que el \u00e9mbolo sea empujado hacia abajo siempre con la misma fuerza. Cuando el peso del dispositivo de arrugado empieza a subir, ejerce una presi\u00f3n de 100 N durante un periodo de tiempo fijo, eliminando as\u00ed el peligro de que la bola arrugada sea empujada demasiado lejos. La prueba de aplastamiento muestra resultados m\u00e1s reproducibles si se utiliza la unidad de conducci\u00f3n automatizada. Todas las versiones de los probadores de deformaci\u00f3n NBS encajan en el dispositivo <a href=\"https:\/\/www.igt.nl\/product\/422-250\/\">de presi\u00f3n automatizado NBS<\/a>, que por tanto puede pedirse para utilizarlo con todos los dispositivos existentes, n\u00famero de art\u00edculo 422.250.    <\/p>\n<h4>General<\/h4>\n<p>La prueba de arrugado simula las condiciones extremas de manipulaci\u00f3n de los billetes y puede realizarse con muestras impresas y no impresas, h\u00famedas o secas. Cuando se arruga el papel, se alteran las fibras entrelazadas, se aflojan los enlaces y la estructura desordenada se vuelve menos compacta, m\u00e1s d\u00e9bil y m\u00e1s permeable al aire. El efecto del tratamiento de arrugado se mide por el cambio en la permeabilidad al aire (porosidad), la absorci\u00f3n de agua y\/o la resistencia a la tracci\u00f3n. Las propiedades del papel antes y despu\u00e9s del arrugado se miden en la misma muestra de papel o en una muestra id\u00e9ntica.   <\/p>\n<h4>M\u00e9todo de funcionamiento<\/h4>\n<ul>\n<li>El papel (del billete) se trae enrollado con el tenedor.<\/li>\n<li>La muestra enrollada se introduce en un tubo.<\/li>\n<li>Se aplica fuerza para arrugarse.<\/li>\n<li>Tras el arrugado, se comprueban las propiedades disminuidas de la muestra.<\/li>\n<\/ul>\n<h4>Normas<\/h4>\n<p>El m\u00e9todo de ensayo de arrugado est\u00e1 normalizado seg\u00fan la National Bureau of Standards (NBS) americana<\/p>\n","protected":false},"excerpt":{"rendered":"<p>Dispositivo de arrugado especialmente utilizado para el ensayo de billetes.<\/p>\n","protected":false},"featured_media":38624,"comment_status":"closed","ping_status":"closed","template":"","meta":{"_acf_changed":false,"inline_featured_image":false},"product_brand":[],"product_cat":[3568,4446,4173],"product_tag":[],"class_list":{"0":"post-38619","1":"product","2":"type-product","3":"status-publish","4":"has-post-thumbnail","6":"product_cat-comprobadores-de-papel","7":"product_cat-dispositivo-de-arrugado","8":"product_cat-seguridad","9":"product_shipping_class-normaal","10":"pa_accessories-422-500-juego-de-calibracion-nbs","11":"pa_additional-items-422-250-dispositivo-de-presion-automatizado-nbs-conductor","12":"pa_dimensions-d-x-w-x-h-cm-20-x-10-x-30","13":"pa_forces-100-n-manualmente","14":"pa_guarantee-estandar-un-ano","15":"pa_lifting-system-manualmente","16":"pa_main-application-la-prueba-simula-las-condiciones-extremas-de-manipulacion-de-un-billete-y-puede-ejecutarse-utilizando-muestras-impresas-y-no-impresas-humedas-o-secas","17":"pa_maintenance-el-mantenimiento-preventivo-anual-y-la-calibracion-pueden-ser-realizados-por-igt-testing-systems-o-por-centros-de-servicio-certificados","18":"pa_space-requirements-0-2-m","19":"pa_weight-3-kg","21":"first","22":"instock","23":"featured","24":"shipping-taxable","25":"purchasable","26":"product-type-simple"},"acf":[],"yoast_head":"<!-- This site is optimized with the Yoast SEO plugin v27.3 - https:\/\/yoast.com\/product\/yoast-seo-wordpress\/ -->\n<title>NBS Dispositivo de arrugado - IGT Testing Systems<\/title>\n<meta name=\"description\" content=\"El dispositivo de arrugado NBS consta de un aparato para enrollar la muestra de papel y un dispositivo en el que el papel enrollado se arruga bajo una presi\u00f3n fija.\" \/>\n<meta name=\"robots\" content=\"index, follow, max-snippet:-1, max-image-preview:large, max-video-preview:-1\" \/>\n<link rel=\"canonical\" href=\"https:\/\/www.igt.nl\/es\/producto\/nbs-dispositivo-de-arrugado\/\" \/>\n<meta property=\"og:locale\" content=\"es_ES\" \/>\n<meta property=\"og:type\" content=\"article\" \/>\n<meta property=\"og:title\" content=\"NBS Dispositivo de arrugado - IGT Testing Systems\" \/>\n<meta property=\"og:description\" content=\"El dispositivo de arrugado NBS consta de un aparato para enrollar la muestra de papel y un dispositivo en el que el papel enrollado se arruga bajo una presi\u00f3n fija.\" \/>\n<meta property=\"og:url\" content=\"https:\/\/www.igt.nl\/es\/producto\/nbs-dispositivo-de-arrugado\/\" \/>\n<meta property=\"og:site_name\" content=\"IGT Testing Systems\" \/>\n<meta property=\"article:modified_time\" content=\"2025-12-17T08:03:10+00:00\" \/>\n<meta property=\"og:image\" content=\"https:\/\/www.igt.nl\/wp-content\/uploads\/422.000.000-NBS-Crumpling_MGF7400_vs-rvs-e1666254645678.jpg\" \/>\n\t<meta property=\"og:image:width\" content=\"800\" \/>\n\t<meta property=\"og:image:height\" content=\"800\" \/>\n\t<meta property=\"og:image:type\" content=\"image\/jpeg\" \/>\n<meta name=\"twitter:card\" content=\"summary_large_image\" \/>\n<meta name=\"twitter:label1\" content=\"Tiempo de lectura\" \/>\n\t<meta name=\"twitter:data1\" content=\"2 minutos\" \/>\n<script type=\"application\/ld+json\" class=\"yoast-schema-graph\">{\"@context\":\"https:\\\/\\\/schema.org\",\"@graph\":[{\"@type\":\"WebPage\",\"@id\":\"https:\\\/\\\/www.igt.nl\\\/es\\\/producto\\\/nbs-dispositivo-de-arrugado\\\/\",\"url\":\"https:\\\/\\\/www.igt.nl\\\/es\\\/producto\\\/nbs-dispositivo-de-arrugado\\\/\",\"name\":\"NBS Dispositivo de arrugado - IGT Testing Systems\",\"isPartOf\":{\"@id\":\"https:\\\/\\\/www.igt.nl\\\/es\\\/#website\"},\"primaryImageOfPage\":{\"@id\":\"https:\\\/\\\/www.igt.nl\\\/es\\\/producto\\\/nbs-dispositivo-de-arrugado\\\/#primaryimage\"},\"image\":{\"@id\":\"https:\\\/\\\/www.igt.nl\\\/es\\\/producto\\\/nbs-dispositivo-de-arrugado\\\/#primaryimage\"},\"thumbnailUrl\":\"https:\\\/\\\/www.igt.nl\\\/wp-content\\\/uploads\\\/422.000.000-NBS-Crumpling_MGF7400_vs-rvs-e1666254645678.jpg\",\"datePublished\":\"2019-07-05T15:00:53+00:00\",\"dateModified\":\"2025-12-17T08:03:10+00:00\",\"description\":\"El dispositivo de arrugado NBS consta de un aparato para enrollar la muestra de papel y un dispositivo en el que el papel enrollado se arruga bajo una presi\u00f3n fija.\",\"breadcrumb\":{\"@id\":\"https:\\\/\\\/www.igt.nl\\\/es\\\/producto\\\/nbs-dispositivo-de-arrugado\\\/#breadcrumb\"},\"inLanguage\":\"es\",\"potentialAction\":[{\"@type\":\"ReadAction\",\"target\":[\"https:\\\/\\\/www.igt.nl\\\/es\\\/producto\\\/nbs-dispositivo-de-arrugado\\\/\"]}]},{\"@type\":\"ImageObject\",\"inLanguage\":\"es\",\"@id\":\"https:\\\/\\\/www.igt.nl\\\/es\\\/producto\\\/nbs-dispositivo-de-arrugado\\\/#primaryimage\",\"url\":\"https:\\\/\\\/www.igt.nl\\\/wp-content\\\/uploads\\\/422.000.000-NBS-Crumpling_MGF7400_vs-rvs-e1666254645678.jpg\",\"contentUrl\":\"https:\\\/\\\/www.igt.nl\\\/wp-content\\\/uploads\\\/422.000.000-NBS-Crumpling_MGF7400_vs-rvs-e1666254645678.jpg\",\"width\":800,\"height\":800},{\"@type\":\"BreadcrumbList\",\"@id\":\"https:\\\/\\\/www.igt.nl\\\/es\\\/producto\\\/nbs-dispositivo-de-arrugado\\\/#breadcrumb\",\"itemListElement\":[{\"@type\":\"ListItem\",\"position\":1,\"name\":\"Home\",\"item\":\"https:\\\/\\\/www.igt.nl\\\/es\\\/?page_id=36171\"},{\"@type\":\"ListItem\",\"position\":2,\"name\":\"Tienda\",\"item\":\"https:\\\/\\\/www.igt.nl\\\/es\\\/?page_id=36068\"},{\"@type\":\"ListItem\",\"position\":3,\"name\":\"Comprobadores de papel\",\"item\":\"https:\\\/\\\/www.igt.nl\\\/es\\\/product-categorie\\\/comprobadores-de-papel\\\/\"},{\"@type\":\"ListItem\",\"position\":4,\"name\":\"NBS Dispositivo de arrugado\"}]},{\"@type\":\"WebSite\",\"@id\":\"https:\\\/\\\/www.igt.nl\\\/es\\\/#website\",\"url\":\"https:\\\/\\\/www.igt.nl\\\/es\\\/\",\"name\":\"IGT Testing Systems\",\"description\":\"\",\"potentialAction\":[{\"@type\":\"SearchAction\",\"target\":{\"@type\":\"EntryPoint\",\"urlTemplate\":\"https:\\\/\\\/www.igt.nl\\\/es\\\/?s={search_term_string}\"},\"query-input\":{\"@type\":\"PropertyValueSpecification\",\"valueRequired\":true,\"valueName\":\"search_term_string\"}}],\"inLanguage\":\"es\"}]}<\/script>\n<!-- \/ Yoast SEO plugin. -->","yoast_head_json":{"title":"NBS Dispositivo de arrugado - IGT Testing Systems","description":"El dispositivo de arrugado NBS consta de un aparato para enrollar la muestra de papel y un dispositivo en el que el papel enrollado se arruga bajo una presi\u00f3n fija.","robots":{"index":"index","follow":"follow","max-snippet":"max-snippet:-1","max-image-preview":"max-image-preview:large","max-video-preview":"max-video-preview:-1"},"canonical":"https:\/\/www.igt.nl\/es\/producto\/nbs-dispositivo-de-arrugado\/","og_locale":"es_ES","og_type":"article","og_title":"NBS Dispositivo de arrugado - IGT Testing Systems","og_description":"El dispositivo de arrugado NBS consta de un aparato para enrollar la muestra de papel y un dispositivo en el que el papel enrollado se arruga bajo una presi\u00f3n fija.","og_url":"https:\/\/www.igt.nl\/es\/producto\/nbs-dispositivo-de-arrugado\/","og_site_name":"IGT Testing Systems","article_modified_time":"2025-12-17T08:03:10+00:00","og_image":[{"width":800,"height":800,"url":"https:\/\/www.igt.nl\/wp-content\/uploads\/422.000.000-NBS-Crumpling_MGF7400_vs-rvs-e1666254645678.jpg","type":"image\/jpeg"}],"twitter_card":"summary_large_image","twitter_misc":{"Tiempo de lectura":"2 minutos"},"schema":{"@context":"https:\/\/schema.org","@graph":[{"@type":"WebPage","@id":"https:\/\/www.igt.nl\/es\/producto\/nbs-dispositivo-de-arrugado\/","url":"https:\/\/www.igt.nl\/es\/producto\/nbs-dispositivo-de-arrugado\/","name":"NBS Dispositivo de arrugado - IGT Testing Systems","isPartOf":{"@id":"https:\/\/www.igt.nl\/es\/#website"},"primaryImageOfPage":{"@id":"https:\/\/www.igt.nl\/es\/producto\/nbs-dispositivo-de-arrugado\/#primaryimage"},"image":{"@id":"https:\/\/www.igt.nl\/es\/producto\/nbs-dispositivo-de-arrugado\/#primaryimage"},"thumbnailUrl":"https:\/\/www.igt.nl\/wp-content\/uploads\/422.000.000-NBS-Crumpling_MGF7400_vs-rvs-e1666254645678.jpg","datePublished":"2019-07-05T15:00:53+00:00","dateModified":"2025-12-17T08:03:10+00:00","description":"El dispositivo de arrugado NBS consta de un aparato para enrollar la muestra de papel y un dispositivo en el que el papel enrollado se arruga bajo una presi\u00f3n fija.","breadcrumb":{"@id":"https:\/\/www.igt.nl\/es\/producto\/nbs-dispositivo-de-arrugado\/#breadcrumb"},"inLanguage":"es","potentialAction":[{"@type":"ReadAction","target":["https:\/\/www.igt.nl\/es\/producto\/nbs-dispositivo-de-arrugado\/"]}]},{"@type":"ImageObject","inLanguage":"es","@id":"https:\/\/www.igt.nl\/es\/producto\/nbs-dispositivo-de-arrugado\/#primaryimage","url":"https:\/\/www.igt.nl\/wp-content\/uploads\/422.000.000-NBS-Crumpling_MGF7400_vs-rvs-e1666254645678.jpg","contentUrl":"https:\/\/www.igt.nl\/wp-content\/uploads\/422.000.000-NBS-Crumpling_MGF7400_vs-rvs-e1666254645678.jpg","width":800,"height":800},{"@type":"BreadcrumbList","@id":"https:\/\/www.igt.nl\/es\/producto\/nbs-dispositivo-de-arrugado\/#breadcrumb","itemListElement":[{"@type":"ListItem","position":1,"name":"Home","item":"https:\/\/www.igt.nl\/es\/?page_id=36171"},{"@type":"ListItem","position":2,"name":"Tienda","item":"https:\/\/www.igt.nl\/es\/?page_id=36068"},{"@type":"ListItem","position":3,"name":"Comprobadores de papel","item":"https:\/\/www.igt.nl\/es\/product-categorie\/comprobadores-de-papel\/"},{"@type":"ListItem","position":4,"name":"NBS Dispositivo de arrugado"}]},{"@type":"WebSite","@id":"https:\/\/www.igt.nl\/es\/#website","url":"https:\/\/www.igt.nl\/es\/","name":"IGT Testing Systems","description":"","potentialAction":[{"@type":"SearchAction","target":{"@type":"EntryPoint","urlTemplate":"https:\/\/www.igt.nl\/es\/?s={search_term_string}"},"query-input":{"@type":"PropertyValueSpecification","valueRequired":true,"valueName":"search_term_string"}}],"inLanguage":"es"}]}},"_links":{"self":[{"href":"https:\/\/www.igt.nl\/es\/wp-json\/wp\/v2\/product\/38619","targetHints":{"allow":["GET"]}}],"collection":[{"href":"https:\/\/www.igt.nl\/es\/wp-json\/wp\/v2\/product"}],"about":[{"href":"https:\/\/www.igt.nl\/es\/wp-json\/wp\/v2\/types\/product"}],"replies":[{"embeddable":true,"href":"https:\/\/www.igt.nl\/es\/wp-json\/wp\/v2\/comments?post=38619"}],"wp:featuredmedia":[{"embeddable":true,"href":"https:\/\/www.igt.nl\/es\/wp-json\/wp\/v2\/media\/38624"}],"wp:attachment":[{"href":"https:\/\/www.igt.nl\/es\/wp-json\/wp\/v2\/media?parent=38619"}],"wp:term":[{"taxonomy":"product_brand","embeddable":true,"href":"https:\/\/www.igt.nl\/es\/wp-json\/wp\/v2\/product_brand?post=38619"},{"taxonomy":"product_cat","embeddable":true,"href":"https:\/\/www.igt.nl\/es\/wp-json\/wp\/v2\/product_cat?post=38619"},{"taxonomy":"product_tag","embeddable":true,"href":"https:\/\/www.igt.nl\/es\/wp-json\/wp\/v2\/product_tag?post=38619"}],"curies":[{"name":"wp","href":"https:\/\/api.w.org\/{rel}","templated":true}]}}