{"id":38633,"date":"2019-07-11T06:00:02","date_gmt":"2019-07-11T06:00:02","guid":{"rendered":"https:\/\/www.igt.nl\/?post_type=product&#038;p=38633"},"modified":"2025-12-17T08:03:09","modified_gmt":"2025-12-17T08:03:09","slug":"unidad-de-entintado-de-alta-velocidad-4","status":"publish","type":"product","link":"https:\/\/www.igt.nl\/es\/producto\/unidad-de-entintado-de-alta-velocidad-4\/","title":{"rendered":"Unidad de entintado de alta velocidad 4"},"content":{"rendered":"<p>El Grupo de entintado de alta velocidad IGT 4 se ha desarrollado para su uso con todos los comprobadores de imprimibilidad IGT, para entintar discos de impresi\u00f3n r\u00e1pidamente y con la m\u00e1xima precisi\u00f3n, con un grosor de capa de tinta bien definido. Muchas tintas modernas se secan r\u00e1pidamente, por lo que la Unidad de entintado de alta velocidad 4 IGT tiene tiempos de entintado cortos.<br \/>\nTiene un ba\u00f1o termost\u00e1tico incorporado, para conseguir una temperatura constante para la distribuci\u00f3n de tintas y aceites de picktest, para obtener una viscosidad constante del aceite de picktest y un comportamiento de secado constante de las tintas.<br \/>\nEn el ordenador incorporado se pueden almacenar todos los par\u00e1metros o modos de distribuci\u00f3n con los ajustes del cliente. <\/p>\n","protected":false},"excerpt":{"rendered":"<p>Unidad de entintado ultrarr\u00e1pido para tintas en pasta<\/p>\n","protected":false},"featured_media":38634,"comment_status":"closed","ping_status":"closed","template":"","meta":{"_acf_changed":false,"inline_featured_image":false},"product_brand":[],"product_cat":[3568,3435,4173,4476],"product_tag":[],"class_list":{"0":"post-38633","1":"product","2":"type-product","3":"status-publish","4":"has-post-thumbnail","6":"product_cat-comprobadores-de-papel","7":"product_cat-probadores-de-tinta","8":"product_cat-seguridad","9":"product_cat-unidad-de-entintado","10":"product_shipping_class-normaal","11":"pa_additional-items-404-001-024-003-toalla-sin-pelusa-rollo-blanco-25-kg","12":"pa_additional-items-408-000-200-pipeta-de-tinta-igt-de-001-ml-de-resolucion","13":"pa_additional-items-408-000-400-pipeta-de-tinta-igt-de-0001-ml-de-resolucion","14":"pa_cleaning-modo-limpieza-starwash-white-spirit-petroleo-nafta-limpiadora-etanol-toallas-sin-pelusa","15":"pa_compatible-instruments-465-000-000-ae-cuatro","16":"pa_conformance-with-standards-iso-2834","17":"pa_conformance-with-standards-iso-2836","18":"pa_conformance-with-standards-iso-2846","19":"pa_conformance-with-standards-iso-3783-2006","20":"pa_dimensions-d-x-w-x-h-cm-40-x-72-x-44","21":"pa_guarantee-estandar-un-ano","22":"pa_inking-programs-4462","23":"pa_inking-speeds-02-12-m-s-en-pasos-de-01-m-s","24":"pa_lifting-system-automaticamente","25":"pa_main-application-dispositivo-de-entintado-para-amsterdam-aic2-5-y-comprobador-de-normas-globales","26":"pa_maintenance-anual","27":"pa_maintenance-el-mantenimiento-y-la-calibracion-anuales-del-comprobador-pueden-ser-realizados-por-igt-testing-systems-o-por-empresas-autorizadas-por-igt-testing-systems","28":"pa_maintenance-puedes-obtener-informacion-de-tu-proveedor-o-del-agente-local","29":"pa_power-supply-requirements-115-230-v-50-60-hz-5a-lento","30":"pa_pre-programmed-tests-3-programas-de-entintado-de-serie-se-pueden-anadir-programas-de-entintado-personalizados","31":"pa_printing-discs-discos-de-impresion-igt-adaptadores-para-modelos-antiguos-comprobadores-de-imprimibilidad-igt","32":"pa_shaft-positioning-automaticamente","33":"pa_space-requirements-0-7-m","34":"pa_top-rollers-466-003-001-rodillo-superior-para-tintas-convencionales-sin-segmentos","35":"pa_top-rollers-466-003-002-rodillo-superior-para-tintas-convencionales-con-2-segmentos","36":"pa_top-rollers-466-003-003-rodillo-superior-para-tintas-convencionales-con-4-segmentos","37":"pa_top-rollers-466-003-007-rodillo-superior-para-tintas-uv-sin-segmentos","38":"pa_top-rollers-466-003-008-rodillo-superior-para-tintas-uv-con-2-segmentos","39":"pa_top-rollers-466-003-009-rodillo-superior-para-tintas-uv-con-4-segmentos","40":"pa_water-bath-and-temperature-si-15-45c","41":"pa_weight-55-kg","43":"first","44":"instock","45":"featured","46":"shipping-taxable","47":"purchasable","48":"product-type-simple"},"acf":[],"yoast_head":"<!-- This site is optimized with the Yoast SEO plugin v27.3 - https:\/\/yoast.com\/product\/yoast-seo-wordpress\/ -->\n<title>Unidad de entintado de alta velocidad 4 - IGT Testing Systems<\/title>\n<meta name=\"description\" content=\"HSIU4 se ha desarrollado para su uso con todos los comprobadores de imprimibilidad IGT para entintar los discos de impresi\u00f3n r\u00e1pidamente, con la m\u00e1xima precisi\u00f3n y un grosor de capa de tinta bien definido.\" \/>\n<meta name=\"robots\" content=\"index, follow, max-snippet:-1, max-image-preview:large, max-video-preview:-1\" \/>\n<link rel=\"canonical\" href=\"https:\/\/www.igt.nl\/es\/producto\/unidad-de-entintado-de-alta-velocidad-4\/\" \/>\n<meta property=\"og:locale\" content=\"es_ES\" \/>\n<meta property=\"og:type\" content=\"article\" \/>\n<meta property=\"og:title\" content=\"Unidad de entintado de alta velocidad 4 - IGT Testing Systems\" \/>\n<meta property=\"og:description\" content=\"HSIU4 se ha desarrollado para su uso con todos los comprobadores de imprimibilidad IGT para entintar los discos de impresi\u00f3n r\u00e1pidamente, con la m\u00e1xima precisi\u00f3n y un grosor de capa de tinta bien definido.\" \/>\n<meta property=\"og:url\" content=\"https:\/\/www.igt.nl\/es\/producto\/unidad-de-entintado-de-alta-velocidad-4\/\" \/>\n<meta property=\"og:site_name\" content=\"IGT Testing Systems\" \/>\n<meta property=\"article:modified_time\" content=\"2025-12-17T08:03:09+00:00\" \/>\n<meta property=\"og:image\" content=\"https:\/\/www.igt.nl\/wp-content\/uploads\/466.000.000-HSIU-4_MGF6163-vs-rvs-1-1-1.jpg\" \/>\n\t<meta property=\"og:image:width\" content=\"775\" \/>\n\t<meta property=\"og:image:height\" content=\"775\" \/>\n\t<meta property=\"og:image:type\" content=\"image\/jpeg\" \/>\n<meta name=\"twitter:card\" content=\"summary_large_image\" \/>\n<meta name=\"twitter:label1\" content=\"Tiempo de lectura\" \/>\n\t<meta name=\"twitter:data1\" content=\"1 minuto\" \/>\n<script type=\"application\/ld+json\" class=\"yoast-schema-graph\">{\"@context\":\"https:\\\/\\\/schema.org\",\"@graph\":[{\"@type\":\"WebPage\",\"@id\":\"https:\\\/\\\/www.igt.nl\\\/es\\\/producto\\\/unidad-de-entintado-de-alta-velocidad-4\\\/\",\"url\":\"https:\\\/\\\/www.igt.nl\\\/es\\\/producto\\\/unidad-de-entintado-de-alta-velocidad-4\\\/\",\"name\":\"Unidad de entintado de alta velocidad 4 - IGT Testing Systems\",\"isPartOf\":{\"@id\":\"https:\\\/\\\/www.igt.nl\\\/es\\\/#website\"},\"primaryImageOfPage\":{\"@id\":\"https:\\\/\\\/www.igt.nl\\\/es\\\/producto\\\/unidad-de-entintado-de-alta-velocidad-4\\\/#primaryimage\"},\"image\":{\"@id\":\"https:\\\/\\\/www.igt.nl\\\/es\\\/producto\\\/unidad-de-entintado-de-alta-velocidad-4\\\/#primaryimage\"},\"thumbnailUrl\":\"https:\\\/\\\/www.igt.nl\\\/wp-content\\\/uploads\\\/466.000.000-HSIU-4_MGF6163-vs-rvs-1-1-1.jpg\",\"datePublished\":\"2019-07-11T06:00:02+00:00\",\"dateModified\":\"2025-12-17T08:03:09+00:00\",\"description\":\"HSIU4 se ha desarrollado para su uso con todos los comprobadores de imprimibilidad IGT para entintar los discos de impresi\u00f3n r\u00e1pidamente, con la m\u00e1xima precisi\u00f3n y un grosor de capa de tinta bien definido.\",\"breadcrumb\":{\"@id\":\"https:\\\/\\\/www.igt.nl\\\/es\\\/producto\\\/unidad-de-entintado-de-alta-velocidad-4\\\/#breadcrumb\"},\"inLanguage\":\"es\",\"potentialAction\":[{\"@type\":\"ReadAction\",\"target\":[\"https:\\\/\\\/www.igt.nl\\\/es\\\/producto\\\/unidad-de-entintado-de-alta-velocidad-4\\\/\"]}]},{\"@type\":\"ImageObject\",\"inLanguage\":\"es\",\"@id\":\"https:\\\/\\\/www.igt.nl\\\/es\\\/producto\\\/unidad-de-entintado-de-alta-velocidad-4\\\/#primaryimage\",\"url\":\"https:\\\/\\\/www.igt.nl\\\/wp-content\\\/uploads\\\/466.000.000-HSIU-4_MGF6163-vs-rvs-1-1-1.jpg\",\"contentUrl\":\"https:\\\/\\\/www.igt.nl\\\/wp-content\\\/uploads\\\/466.000.000-HSIU-4_MGF6163-vs-rvs-1-1-1.jpg\",\"width\":775,\"height\":775},{\"@type\":\"BreadcrumbList\",\"@id\":\"https:\\\/\\\/www.igt.nl\\\/es\\\/producto\\\/unidad-de-entintado-de-alta-velocidad-4\\\/#breadcrumb\",\"itemListElement\":[{\"@type\":\"ListItem\",\"position\":1,\"name\":\"Home\",\"item\":\"https:\\\/\\\/www.igt.nl\\\/es\\\/?page_id=36171\"},{\"@type\":\"ListItem\",\"position\":2,\"name\":\"Tienda\",\"item\":\"https:\\\/\\\/www.igt.nl\\\/es\\\/?page_id=36068\"},{\"@type\":\"ListItem\",\"position\":3,\"name\":\"Probadores de tinta\",\"item\":\"https:\\\/\\\/www.igt.nl\\\/es\\\/product-categorie\\\/probadores-de-tinta\\\/\"},{\"@type\":\"ListItem\",\"position\":4,\"name\":\"Unidad de entintado de alta velocidad 4\"}]},{\"@type\":\"WebSite\",\"@id\":\"https:\\\/\\\/www.igt.nl\\\/es\\\/#website\",\"url\":\"https:\\\/\\\/www.igt.nl\\\/es\\\/\",\"name\":\"IGT Testing Systems\",\"description\":\"\",\"potentialAction\":[{\"@type\":\"SearchAction\",\"target\":{\"@type\":\"EntryPoint\",\"urlTemplate\":\"https:\\\/\\\/www.igt.nl\\\/es\\\/?s={search_term_string}\"},\"query-input\":{\"@type\":\"PropertyValueSpecification\",\"valueRequired\":true,\"valueName\":\"search_term_string\"}}],\"inLanguage\":\"es\"}]}<\/script>\n<!-- \/ Yoast SEO plugin. -->","yoast_head_json":{"title":"Unidad de entintado de alta velocidad 4 - IGT Testing Systems","description":"HSIU4 se ha desarrollado para su uso con todos los comprobadores de imprimibilidad IGT para entintar los discos de impresi\u00f3n r\u00e1pidamente, con la m\u00e1xima precisi\u00f3n y un grosor de capa de tinta bien definido.","robots":{"index":"index","follow":"follow","max-snippet":"max-snippet:-1","max-image-preview":"max-image-preview:large","max-video-preview":"max-video-preview:-1"},"canonical":"https:\/\/www.igt.nl\/es\/producto\/unidad-de-entintado-de-alta-velocidad-4\/","og_locale":"es_ES","og_type":"article","og_title":"Unidad de entintado de alta velocidad 4 - IGT Testing Systems","og_description":"HSIU4 se ha desarrollado para su uso con todos los comprobadores de imprimibilidad IGT para entintar los discos de impresi\u00f3n r\u00e1pidamente, con la m\u00e1xima precisi\u00f3n y un grosor de capa de tinta bien definido.","og_url":"https:\/\/www.igt.nl\/es\/producto\/unidad-de-entintado-de-alta-velocidad-4\/","og_site_name":"IGT Testing Systems","article_modified_time":"2025-12-17T08:03:09+00:00","og_image":[{"width":775,"height":775,"url":"https:\/\/www.igt.nl\/wp-content\/uploads\/466.000.000-HSIU-4_MGF6163-vs-rvs-1-1-1.jpg","type":"image\/jpeg"}],"twitter_card":"summary_large_image","twitter_misc":{"Tiempo de lectura":"1 minuto"},"schema":{"@context":"https:\/\/schema.org","@graph":[{"@type":"WebPage","@id":"https:\/\/www.igt.nl\/es\/producto\/unidad-de-entintado-de-alta-velocidad-4\/","url":"https:\/\/www.igt.nl\/es\/producto\/unidad-de-entintado-de-alta-velocidad-4\/","name":"Unidad de entintado de alta velocidad 4 - IGT Testing Systems","isPartOf":{"@id":"https:\/\/www.igt.nl\/es\/#website"},"primaryImageOfPage":{"@id":"https:\/\/www.igt.nl\/es\/producto\/unidad-de-entintado-de-alta-velocidad-4\/#primaryimage"},"image":{"@id":"https:\/\/www.igt.nl\/es\/producto\/unidad-de-entintado-de-alta-velocidad-4\/#primaryimage"},"thumbnailUrl":"https:\/\/www.igt.nl\/wp-content\/uploads\/466.000.000-HSIU-4_MGF6163-vs-rvs-1-1-1.jpg","datePublished":"2019-07-11T06:00:02+00:00","dateModified":"2025-12-17T08:03:09+00:00","description":"HSIU4 se ha desarrollado para su uso con todos los comprobadores de imprimibilidad IGT para entintar los discos de impresi\u00f3n r\u00e1pidamente, con la m\u00e1xima precisi\u00f3n y un grosor de capa de tinta bien definido.","breadcrumb":{"@id":"https:\/\/www.igt.nl\/es\/producto\/unidad-de-entintado-de-alta-velocidad-4\/#breadcrumb"},"inLanguage":"es","potentialAction":[{"@type":"ReadAction","target":["https:\/\/www.igt.nl\/es\/producto\/unidad-de-entintado-de-alta-velocidad-4\/"]}]},{"@type":"ImageObject","inLanguage":"es","@id":"https:\/\/www.igt.nl\/es\/producto\/unidad-de-entintado-de-alta-velocidad-4\/#primaryimage","url":"https:\/\/www.igt.nl\/wp-content\/uploads\/466.000.000-HSIU-4_MGF6163-vs-rvs-1-1-1.jpg","contentUrl":"https:\/\/www.igt.nl\/wp-content\/uploads\/466.000.000-HSIU-4_MGF6163-vs-rvs-1-1-1.jpg","width":775,"height":775},{"@type":"BreadcrumbList","@id":"https:\/\/www.igt.nl\/es\/producto\/unidad-de-entintado-de-alta-velocidad-4\/#breadcrumb","itemListElement":[{"@type":"ListItem","position":1,"name":"Home","item":"https:\/\/www.igt.nl\/es\/?page_id=36171"},{"@type":"ListItem","position":2,"name":"Tienda","item":"https:\/\/www.igt.nl\/es\/?page_id=36068"},{"@type":"ListItem","position":3,"name":"Probadores de tinta","item":"https:\/\/www.igt.nl\/es\/product-categorie\/probadores-de-tinta\/"},{"@type":"ListItem","position":4,"name":"Unidad de entintado de alta velocidad 4"}]},{"@type":"WebSite","@id":"https:\/\/www.igt.nl\/es\/#website","url":"https:\/\/www.igt.nl\/es\/","name":"IGT Testing Systems","description":"","potentialAction":[{"@type":"SearchAction","target":{"@type":"EntryPoint","urlTemplate":"https:\/\/www.igt.nl\/es\/?s={search_term_string}"},"query-input":{"@type":"PropertyValueSpecification","valueRequired":true,"valueName":"search_term_string"}}],"inLanguage":"es"}]}},"_links":{"self":[{"href":"https:\/\/www.igt.nl\/es\/wp-json\/wp\/v2\/product\/38633","targetHints":{"allow":["GET"]}}],"collection":[{"href":"https:\/\/www.igt.nl\/es\/wp-json\/wp\/v2\/product"}],"about":[{"href":"https:\/\/www.igt.nl\/es\/wp-json\/wp\/v2\/types\/product"}],"replies":[{"embeddable":true,"href":"https:\/\/www.igt.nl\/es\/wp-json\/wp\/v2\/comments?post=38633"}],"wp:featuredmedia":[{"embeddable":true,"href":"https:\/\/www.igt.nl\/es\/wp-json\/wp\/v2\/media\/38634"}],"wp:attachment":[{"href":"https:\/\/www.igt.nl\/es\/wp-json\/wp\/v2\/media?parent=38633"}],"wp:term":[{"taxonomy":"product_brand","embeddable":true,"href":"https:\/\/www.igt.nl\/es\/wp-json\/wp\/v2\/product_brand?post=38633"},{"taxonomy":"product_cat","embeddable":true,"href":"https:\/\/www.igt.nl\/es\/wp-json\/wp\/v2\/product_cat?post=38633"},{"taxonomy":"product_tag","embeddable":true,"href":"https:\/\/www.igt.nl\/es\/wp-json\/wp\/v2\/product_tag?post=38633"}],"curies":[{"name":"wp","href":"https:\/\/api.w.org\/{rel}","templated":true}]}}