{"id":38673,"date":"2019-07-11T06:00:26","date_gmt":"2019-07-11T06:00:26","guid":{"rendered":"https:\/\/www.igt.nl\/?post_type=product&#038;p=38673"},"modified":"2025-12-17T08:03:07","modified_gmt":"2025-12-17T08:03:07","slug":"comprobador-cobb-sft-03t-modelo-estandar","status":"publish","type":"product","link":"https:\/\/www.igt.nl\/es\/producto\/comprobador-cobb-sft-03t-modelo-estandar\/","title":{"rendered":"Comprobador Cobb SFT 03t, modelo est\u00e1ndar"},"content":{"rendered":"<p>El dispositivo de prueba de absorci\u00f3n se utiliza para determinar la absorci\u00f3n de medios l\u00edquidos, mediante papel de los lados superior e inferior en un tiempo predeterminado.<\/p>\n<p>El probador IGT Cobb es un dispositivo de prueba de absorbencia utilizado para determinar la absorci\u00f3n de l\u00edquidos, como agua, soluciones acuosas, aceites, barnices y otros, por el papel, el cart\u00f3n y el cart\u00f3n ondulado en un tiempo preciso y predeterminado, de acuerdo con las normas ISO 535, Scan P-37:77 Scan P12, Tappi 441 y Fefco n.\u00ba 7.<\/p>\n<p>Existen diferentes tipos de comprobadores Cobb:<\/p>\n<ul>\n<li>para determinaciones en sustratos finos, como papel y cart\u00f3n ligeros. Existe una versi\u00f3n especial para papeles de estructura ligera (por ejemplo, tis\u00fa), que tambi\u00e9n puede utilizarse para papel y cart\u00f3n <\/li>\n<li>para determinaciones en sustratos de hasta 15 mm de grosor, como cart\u00f3n macizo o cart\u00f3n ondulado<\/li>\n<li>para determinaciones en paneles de construcci\u00f3n de cart\u00f3n-yeso de hasta 22 mm de grosor<\/li>\n<li>como la versi\u00f3n est\u00e1ndar, con la opci\u00f3n adicional de medir la curva de absorci\u00f3n hasta que el l\u00edquido atraviese el sustrato<\/li>\n<\/ul>\n","protected":false},"excerpt":{"rendered":"<p>Dispositivo de prueba de absorci\u00f3n utilizado para determinar la absorci\u00f3n de l\u00edquidos<\/p>\n","protected":false},"featured_media":38675,"comment_status":"closed","ping_status":"closed","template":"","meta":{"_acf_changed":false,"inline_featured_image":false},"product_brand":[],"product_cat":[4529,3568,4173],"product_tag":[],"class_list":{"0":"post-38673","1":"product","2":"type-product","3":"status-publish","4":"has-post-thumbnail","6":"product_cat-comprobador-cobb","7":"product_cat-comprobadores-de-papel","8":"product_cat-seguridad","9":"product_shipping_class-normaal","10":"pa_accessories-570-001-rodillo-de-enfriamiento","11":"pa_accessories-570-002-placa-de-enfriamiento","12":"pa_accessories-570-004-100-plantilla","13":"pa_accessories-570-005-papel-secante","14":"pa_accessories-570-007-vaso-para-100-ml","15":"pa_accessories-570-500-010-inserto-para-muestras-con-superficie-de-ensayo-de-10-cm","16":"pa_accessories-570-500-025-bandeja-para-muestras-con-una-superficie-de-prueba-de-25-cm-billetes","17":"pa_cleaning-despues-de-utilizar-el-aparato-limpialo-con-una-solucion-de-lavado-compuesta-por-agua-desmineralizada-y-un-detergente-liquido","18":"pa_cleaning-despues-hay-que-aclarar-el-aparato-con-abundante-agua-desmineralizada-el-recipiente-del-liquido-es-de-aluminio-anodizado","19":"pa_compatible-instruments-570-000-322-tableros-de-construccion-cobb-22mm-sft03t-gp22","20":"pa_compatible-instruments-570-000-800-easycobb","21":"pa_compatible-instruments-570-000-900-sistema-de-pinza-de-comprobacion-cobb","22":"pa_dimensions-d-x-w-x-h-cm-20-x-20-x-25","23":"pa_guarantee-estandar-un-ano","24":"pa_inks-or-liquids-liquidos","25":"pa_lifting-system-manualmente","26":"pa_power-supply-requirements-pila-tipo-r3-um-4-15-v-para-cronometro-electronico","27":"pa_space-requirements-0-09-m","28":"pa_volume-100-ml","29":"pa_weight-6-kg","31":"first","32":"instock","33":"featured","34":"shipping-taxable","35":"purchasable","36":"product-type-simple"},"acf":[],"yoast_head":"<!-- This site is optimized with the Yoast SEO plugin v27.5 - https:\/\/yoast.com\/product\/yoast-seo-wordpress\/ -->\n<title>Comprobador Cobb SFT 03t, modelo est\u00e1ndar - IGT Testing Systems<\/title>\n<meta name=\"description\" content=\"El dispositivo de prueba de absorci\u00f3n se utiliza para determinar la absorci\u00f3n de medios l\u00edquidos, mediante papel de los lados superior e inferior en un tiempo predeterminado.\" \/>\n<meta name=\"robots\" content=\"index, follow, max-snippet:-1, max-image-preview:large, max-video-preview:-1\" \/>\n<link rel=\"canonical\" href=\"https:\/\/www.igt.nl\/es\/producto\/comprobador-cobb-sft-03t-modelo-estandar\/\" \/>\n<meta property=\"og:locale\" content=\"es_ES\" \/>\n<meta property=\"og:type\" content=\"article\" \/>\n<meta property=\"og:title\" content=\"Comprobador Cobb SFT 03t, modelo est\u00e1ndar - IGT Testing Systems\" \/>\n<meta property=\"og:description\" content=\"El dispositivo de prueba de absorci\u00f3n se utiliza para determinar la absorci\u00f3n de medios l\u00edquidos, mediante papel de los lados superior e inferior en un tiempo predeterminado.\" \/>\n<meta property=\"og:url\" content=\"https:\/\/www.igt.nl\/es\/producto\/comprobador-cobb-sft-03t-modelo-estandar\/\" \/>\n<meta property=\"og:site_name\" content=\"IGT Testing Systems\" \/>\n<meta property=\"article:modified_time\" content=\"2025-12-17T08:03:07+00:00\" \/>\n<meta property=\"og:image\" content=\"https:\/\/www.igt.nl\/wp-content\/uploads\/570.000.100-Cobb-Tester-SFT-03T_MGF6072_vs-rvs_1-1-1.png\" \/>\n\t<meta property=\"og:image:width\" content=\"1200\" \/>\n\t<meta property=\"og:image:height\" content=\"1200\" \/>\n\t<meta property=\"og:image:type\" content=\"image\/png\" \/>\n<meta name=\"twitter:card\" content=\"summary_large_image\" \/>\n<meta name=\"twitter:label1\" content=\"Tiempo de lectura\" \/>\n\t<meta name=\"twitter:data1\" content=\"1 minuto\" \/>\n<script type=\"application\/ld+json\" class=\"yoast-schema-graph\">{\"@context\":\"https:\\\/\\\/schema.org\",\"@graph\":[{\"@type\":\"WebPage\",\"@id\":\"https:\\\/\\\/www.igt.nl\\\/es\\\/producto\\\/comprobador-cobb-sft-03t-modelo-estandar\\\/\",\"url\":\"https:\\\/\\\/www.igt.nl\\\/es\\\/producto\\\/comprobador-cobb-sft-03t-modelo-estandar\\\/\",\"name\":\"Comprobador Cobb SFT 03t, modelo est\u00e1ndar - IGT Testing Systems\",\"isPartOf\":{\"@id\":\"https:\\\/\\\/www.igt.nl\\\/es\\\/#website\"},\"primaryImageOfPage\":{\"@id\":\"https:\\\/\\\/www.igt.nl\\\/es\\\/producto\\\/comprobador-cobb-sft-03t-modelo-estandar\\\/#primaryimage\"},\"image\":{\"@id\":\"https:\\\/\\\/www.igt.nl\\\/es\\\/producto\\\/comprobador-cobb-sft-03t-modelo-estandar\\\/#primaryimage\"},\"thumbnailUrl\":\"https:\\\/\\\/www.igt.nl\\\/wp-content\\\/uploads\\\/570.000.100-Cobb-Tester-SFT-03T_MGF6072_vs-rvs_1-1-1.png\",\"datePublished\":\"2019-07-11T06:00:26+00:00\",\"dateModified\":\"2025-12-17T08:03:07+00:00\",\"description\":\"El dispositivo de prueba de absorci\u00f3n se utiliza para determinar la absorci\u00f3n de medios l\u00edquidos, mediante papel de los lados superior e inferior en un tiempo predeterminado.\",\"breadcrumb\":{\"@id\":\"https:\\\/\\\/www.igt.nl\\\/es\\\/producto\\\/comprobador-cobb-sft-03t-modelo-estandar\\\/#breadcrumb\"},\"inLanguage\":\"es\",\"potentialAction\":[{\"@type\":\"ReadAction\",\"target\":[\"https:\\\/\\\/www.igt.nl\\\/es\\\/producto\\\/comprobador-cobb-sft-03t-modelo-estandar\\\/\"]}]},{\"@type\":\"ImageObject\",\"inLanguage\":\"es\",\"@id\":\"https:\\\/\\\/www.igt.nl\\\/es\\\/producto\\\/comprobador-cobb-sft-03t-modelo-estandar\\\/#primaryimage\",\"url\":\"https:\\\/\\\/www.igt.nl\\\/wp-content\\\/uploads\\\/570.000.100-Cobb-Tester-SFT-03T_MGF6072_vs-rvs_1-1-1.png\",\"contentUrl\":\"https:\\\/\\\/www.igt.nl\\\/wp-content\\\/uploads\\\/570.000.100-Cobb-Tester-SFT-03T_MGF6072_vs-rvs_1-1-1.png\",\"width\":1200,\"height\":1200},{\"@type\":\"BreadcrumbList\",\"@id\":\"https:\\\/\\\/www.igt.nl\\\/es\\\/producto\\\/comprobador-cobb-sft-03t-modelo-estandar\\\/#breadcrumb\",\"itemListElement\":[{\"@type\":\"ListItem\",\"position\":1,\"name\":\"Home\",\"item\":\"https:\\\/\\\/www.igt.nl\\\/es\\\/?page_id=36171\"},{\"@type\":\"ListItem\",\"position\":2,\"name\":\"Tienda\",\"item\":\"https:\\\/\\\/www.igt.nl\\\/es\\\/?page_id=36068\"},{\"@type\":\"ListItem\",\"position\":3,\"name\":\"Comprobadores de papel\",\"item\":\"https:\\\/\\\/www.igt.nl\\\/es\\\/product-categorie\\\/comprobadores-de-papel\\\/\"},{\"@type\":\"ListItem\",\"position\":4,\"name\":\"Comprobador Cobb SFT 03t, modelo est\u00e1ndar\"}]},{\"@type\":\"WebSite\",\"@id\":\"https:\\\/\\\/www.igt.nl\\\/es\\\/#website\",\"url\":\"https:\\\/\\\/www.igt.nl\\\/es\\\/\",\"name\":\"IGT Testing Systems\",\"description\":\"\",\"potentialAction\":[{\"@type\":\"SearchAction\",\"target\":{\"@type\":\"EntryPoint\",\"urlTemplate\":\"https:\\\/\\\/www.igt.nl\\\/es\\\/?s={search_term_string}\"},\"query-input\":{\"@type\":\"PropertyValueSpecification\",\"valueRequired\":true,\"valueName\":\"search_term_string\"}}],\"inLanguage\":\"es\"}]}<\/script>\n<!-- \/ Yoast SEO plugin. -->","yoast_head_json":{"title":"Comprobador Cobb SFT 03t, modelo est\u00e1ndar - IGT Testing Systems","description":"El dispositivo de prueba de absorci\u00f3n se utiliza para determinar la absorci\u00f3n de medios l\u00edquidos, mediante papel de los lados superior e inferior en un tiempo predeterminado.","robots":{"index":"index","follow":"follow","max-snippet":"max-snippet:-1","max-image-preview":"max-image-preview:large","max-video-preview":"max-video-preview:-1"},"canonical":"https:\/\/www.igt.nl\/es\/producto\/comprobador-cobb-sft-03t-modelo-estandar\/","og_locale":"es_ES","og_type":"article","og_title":"Comprobador Cobb SFT 03t, modelo est\u00e1ndar - IGT Testing Systems","og_description":"El dispositivo de prueba de absorci\u00f3n se utiliza para determinar la absorci\u00f3n de medios l\u00edquidos, mediante papel de los lados superior e inferior en un tiempo predeterminado.","og_url":"https:\/\/www.igt.nl\/es\/producto\/comprobador-cobb-sft-03t-modelo-estandar\/","og_site_name":"IGT Testing Systems","article_modified_time":"2025-12-17T08:03:07+00:00","og_image":[{"width":1200,"height":1200,"url":"https:\/\/www.igt.nl\/wp-content\/uploads\/570.000.100-Cobb-Tester-SFT-03T_MGF6072_vs-rvs_1-1-1.png","type":"image\/png"}],"twitter_card":"summary_large_image","twitter_misc":{"Tiempo de lectura":"1 minuto"},"schema":{"@context":"https:\/\/schema.org","@graph":[{"@type":"WebPage","@id":"https:\/\/www.igt.nl\/es\/producto\/comprobador-cobb-sft-03t-modelo-estandar\/","url":"https:\/\/www.igt.nl\/es\/producto\/comprobador-cobb-sft-03t-modelo-estandar\/","name":"Comprobador Cobb SFT 03t, modelo est\u00e1ndar - IGT Testing Systems","isPartOf":{"@id":"https:\/\/www.igt.nl\/es\/#website"},"primaryImageOfPage":{"@id":"https:\/\/www.igt.nl\/es\/producto\/comprobador-cobb-sft-03t-modelo-estandar\/#primaryimage"},"image":{"@id":"https:\/\/www.igt.nl\/es\/producto\/comprobador-cobb-sft-03t-modelo-estandar\/#primaryimage"},"thumbnailUrl":"https:\/\/www.igt.nl\/wp-content\/uploads\/570.000.100-Cobb-Tester-SFT-03T_MGF6072_vs-rvs_1-1-1.png","datePublished":"2019-07-11T06:00:26+00:00","dateModified":"2025-12-17T08:03:07+00:00","description":"El dispositivo de prueba de absorci\u00f3n se utiliza para determinar la absorci\u00f3n de medios l\u00edquidos, mediante papel de los lados superior e inferior en un tiempo predeterminado.","breadcrumb":{"@id":"https:\/\/www.igt.nl\/es\/producto\/comprobador-cobb-sft-03t-modelo-estandar\/#breadcrumb"},"inLanguage":"es","potentialAction":[{"@type":"ReadAction","target":["https:\/\/www.igt.nl\/es\/producto\/comprobador-cobb-sft-03t-modelo-estandar\/"]}]},{"@type":"ImageObject","inLanguage":"es","@id":"https:\/\/www.igt.nl\/es\/producto\/comprobador-cobb-sft-03t-modelo-estandar\/#primaryimage","url":"https:\/\/www.igt.nl\/wp-content\/uploads\/570.000.100-Cobb-Tester-SFT-03T_MGF6072_vs-rvs_1-1-1.png","contentUrl":"https:\/\/www.igt.nl\/wp-content\/uploads\/570.000.100-Cobb-Tester-SFT-03T_MGF6072_vs-rvs_1-1-1.png","width":1200,"height":1200},{"@type":"BreadcrumbList","@id":"https:\/\/www.igt.nl\/es\/producto\/comprobador-cobb-sft-03t-modelo-estandar\/#breadcrumb","itemListElement":[{"@type":"ListItem","position":1,"name":"Home","item":"https:\/\/www.igt.nl\/es\/?page_id=36171"},{"@type":"ListItem","position":2,"name":"Tienda","item":"https:\/\/www.igt.nl\/es\/?page_id=36068"},{"@type":"ListItem","position":3,"name":"Comprobadores de papel","item":"https:\/\/www.igt.nl\/es\/product-categorie\/comprobadores-de-papel\/"},{"@type":"ListItem","position":4,"name":"Comprobador Cobb SFT 03t, modelo est\u00e1ndar"}]},{"@type":"WebSite","@id":"https:\/\/www.igt.nl\/es\/#website","url":"https:\/\/www.igt.nl\/es\/","name":"IGT Testing Systems","description":"","potentialAction":[{"@type":"SearchAction","target":{"@type":"EntryPoint","urlTemplate":"https:\/\/www.igt.nl\/es\/?s={search_term_string}"},"query-input":{"@type":"PropertyValueSpecification","valueRequired":true,"valueName":"search_term_string"}}],"inLanguage":"es"}]}},"_links":{"self":[{"href":"https:\/\/www.igt.nl\/es\/wp-json\/wp\/v2\/product\/38673","targetHints":{"allow":["GET"]}}],"collection":[{"href":"https:\/\/www.igt.nl\/es\/wp-json\/wp\/v2\/product"}],"about":[{"href":"https:\/\/www.igt.nl\/es\/wp-json\/wp\/v2\/types\/product"}],"replies":[{"embeddable":true,"href":"https:\/\/www.igt.nl\/es\/wp-json\/wp\/v2\/comments?post=38673"}],"wp:featuredmedia":[{"embeddable":true,"href":"https:\/\/www.igt.nl\/es\/wp-json\/wp\/v2\/media\/38675"}],"wp:attachment":[{"href":"https:\/\/www.igt.nl\/es\/wp-json\/wp\/v2\/media?parent=38673"}],"wp:term":[{"taxonomy":"product_brand","embeddable":true,"href":"https:\/\/www.igt.nl\/es\/wp-json\/wp\/v2\/product_brand?post=38673"},{"taxonomy":"product_cat","embeddable":true,"href":"https:\/\/www.igt.nl\/es\/wp-json\/wp\/v2\/product_cat?post=38673"},{"taxonomy":"product_tag","embeddable":true,"href":"https:\/\/www.igt.nl\/es\/wp-json\/wp\/v2\/product_tag?post=38673"}],"curies":[{"name":"wp","href":"https:\/\/api.w.org\/{rel}","templated":true}]}}