{"id":38714,"date":"2019-07-11T06:00:38","date_gmt":"2019-07-11T06:00:38","guid":{"rendered":"https:\/\/www.igt.nl\/?post_type=product&#038;p=38714"},"modified":"2025-12-17T08:03:06","modified_gmt":"2025-12-17T08:03:06","slug":"analizador-de-fuerza-de-la-caja","status":"publish","type":"product","link":"https:\/\/www.igt.nl\/es\/producto\/analizador-de-fuerza-de-la-caja\/","title":{"rendered":"Analizador de fuerza de la caja"},"content":{"rendered":"<p>El Analizador de Fuerzas del Cart\u00f3n mide las fuerzas que limitan la velocidad de desplazamiento de los envases de cart\u00f3n plegables.<\/p>\n<p>Midiendo la rigidez del sustrato y la resistencia a la flexi\u00f3n de los pliegues, el usuario puede optimizar los cartones para que funcionen y se envasen a mayor velocidad.<br \/>\nEl instrumento permite analizar pliegues individuales para identificar \u00e1reas problem\u00e1ticas en el dise\u00f1o o la fabricaci\u00f3n del envase. Las investigaciones del sector indican que la velocidad de envasado de las sartenes preencoladas se rige por la energ\u00eda necesaria para abrir los pliegues. El Analizador de Fuerza del Cart\u00f3n es el primer instrumento que a\u00edsla y mide con precisi\u00f3n este par\u00e1metro clave.  <\/p>\n","protected":false},"excerpt":{"rendered":"<p>El Analizador de Fuerzas del Cart\u00f3n mide las fuerzas que limitan la velocidad de desplazamiento de los envases de cart\u00f3n&#8230;<\/p>\n","protected":false},"featured_media":38716,"comment_status":"closed","ping_status":"open","template":"","meta":{"_acf_changed":false,"inline_featured_image":false},"product_brand":[],"product_cat":[3568,3878,3436],"product_tag":[],"class_list":{"0":"post-38714","1":"product","2":"type-product","3":"status-publish","4":"has-post-thumbnail","6":"product_cat-comprobadores-de-papel","7":"product_cat-otros-probadores","8":"product_cat-probadores-graficos","9":"product_shipping_class-normaal","10":"pa_dimensions-d-x-w-x-h-cm-22-x-23-x-30","11":"pa_weight-11-kg","13":"first","14":"outofstock","15":"shipping-taxable","16":"purchasable","17":"product-type-simple"},"acf":[],"yoast_head":"<!-- This site is optimized with the Yoast SEO plugin v27.5 - https:\/\/yoast.com\/product\/yoast-seo-wordpress\/ -->\n<title>Analizador de fuerza de la caja - IGT Testing Systems<\/title>\n<meta name=\"robots\" content=\"index, follow, max-snippet:-1, max-image-preview:large, max-video-preview:-1\" \/>\n<link rel=\"canonical\" href=\"https:\/\/www.igt.nl\/es\/producto\/analizador-de-fuerza-de-la-caja\/\" \/>\n<meta property=\"og:locale\" content=\"es_ES\" \/>\n<meta property=\"og:type\" content=\"article\" \/>\n<meta property=\"og:title\" content=\"Analizador de fuerza de la caja - IGT Testing Systems\" \/>\n<meta property=\"og:description\" content=\"El Analizador de Fuerzas del Cart\u00f3n mide las fuerzas que limitan la velocidad de desplazamiento de los envases de cart\u00f3n...\" \/>\n<meta property=\"og:url\" content=\"https:\/\/www.igt.nl\/es\/producto\/analizador-de-fuerza-de-la-caja\/\" \/>\n<meta property=\"og:site_name\" content=\"IGT Testing Systems\" \/>\n<meta property=\"article:modified_time\" content=\"2025-12-17T08:03:06+00:00\" \/>\n<meta property=\"og:image\" content=\"https:\/\/www.igt.nl\/wp-content\/uploads\/Carton-Force-Analyser-01-700x700-1.jpg\" \/>\n\t<meta property=\"og:image:width\" content=\"700\" \/>\n\t<meta property=\"og:image:height\" content=\"700\" \/>\n\t<meta property=\"og:image:type\" content=\"image\/jpeg\" \/>\n<meta name=\"twitter:card\" content=\"summary_large_image\" \/>\n<meta name=\"twitter:label1\" content=\"Tiempo de lectura\" \/>\n\t<meta name=\"twitter:data1\" content=\"1 minuto\" \/>\n<script type=\"application\/ld+json\" class=\"yoast-schema-graph\">{\"@context\":\"https:\\\/\\\/schema.org\",\"@graph\":[{\"@type\":\"WebPage\",\"@id\":\"https:\\\/\\\/www.igt.nl\\\/es\\\/producto\\\/analizador-de-fuerza-de-la-caja\\\/\",\"url\":\"https:\\\/\\\/www.igt.nl\\\/es\\\/producto\\\/analizador-de-fuerza-de-la-caja\\\/\",\"name\":\"Analizador de fuerza de la caja - IGT Testing Systems\",\"isPartOf\":{\"@id\":\"https:\\\/\\\/www.igt.nl\\\/es\\\/#website\"},\"primaryImageOfPage\":{\"@id\":\"https:\\\/\\\/www.igt.nl\\\/es\\\/producto\\\/analizador-de-fuerza-de-la-caja\\\/#primaryimage\"},\"image\":{\"@id\":\"https:\\\/\\\/www.igt.nl\\\/es\\\/producto\\\/analizador-de-fuerza-de-la-caja\\\/#primaryimage\"},\"thumbnailUrl\":\"https:\\\/\\\/www.igt.nl\\\/wp-content\\\/uploads\\\/Carton-Force-Analyser-01-700x700-1.jpg\",\"datePublished\":\"2019-07-11T06:00:38+00:00\",\"dateModified\":\"2025-12-17T08:03:06+00:00\",\"breadcrumb\":{\"@id\":\"https:\\\/\\\/www.igt.nl\\\/es\\\/producto\\\/analizador-de-fuerza-de-la-caja\\\/#breadcrumb\"},\"inLanguage\":\"es\",\"potentialAction\":[{\"@type\":\"ReadAction\",\"target\":[\"https:\\\/\\\/www.igt.nl\\\/es\\\/producto\\\/analizador-de-fuerza-de-la-caja\\\/\"]}]},{\"@type\":\"ImageObject\",\"inLanguage\":\"es\",\"@id\":\"https:\\\/\\\/www.igt.nl\\\/es\\\/producto\\\/analizador-de-fuerza-de-la-caja\\\/#primaryimage\",\"url\":\"https:\\\/\\\/www.igt.nl\\\/wp-content\\\/uploads\\\/Carton-Force-Analyser-01-700x700-1.jpg\",\"contentUrl\":\"https:\\\/\\\/www.igt.nl\\\/wp-content\\\/uploads\\\/Carton-Force-Analyser-01-700x700-1.jpg\",\"width\":700,\"height\":700},{\"@type\":\"BreadcrumbList\",\"@id\":\"https:\\\/\\\/www.igt.nl\\\/es\\\/producto\\\/analizador-de-fuerza-de-la-caja\\\/#breadcrumb\",\"itemListElement\":[{\"@type\":\"ListItem\",\"position\":1,\"name\":\"Home\",\"item\":\"https:\\\/\\\/www.igt.nl\\\/es\\\/?page_id=36171\"},{\"@type\":\"ListItem\",\"position\":2,\"name\":\"Tienda\",\"item\":\"https:\\\/\\\/www.igt.nl\\\/es\\\/?page_id=36068\"},{\"@type\":\"ListItem\",\"position\":3,\"name\":\"Comprobadores de papel\",\"item\":\"https:\\\/\\\/www.igt.nl\\\/es\\\/product-categorie\\\/comprobadores-de-papel\\\/\"},{\"@type\":\"ListItem\",\"position\":4,\"name\":\"Analizador de fuerza de la caja\"}]},{\"@type\":\"WebSite\",\"@id\":\"https:\\\/\\\/www.igt.nl\\\/es\\\/#website\",\"url\":\"https:\\\/\\\/www.igt.nl\\\/es\\\/\",\"name\":\"IGT Testing Systems\",\"description\":\"\",\"potentialAction\":[{\"@type\":\"SearchAction\",\"target\":{\"@type\":\"EntryPoint\",\"urlTemplate\":\"https:\\\/\\\/www.igt.nl\\\/es\\\/?s={search_term_string}\"},\"query-input\":{\"@type\":\"PropertyValueSpecification\",\"valueRequired\":true,\"valueName\":\"search_term_string\"}}],\"inLanguage\":\"es\"}]}<\/script>\n<!-- \/ Yoast SEO plugin. -->","yoast_head_json":{"title":"Analizador de fuerza de la caja - IGT Testing Systems","robots":{"index":"index","follow":"follow","max-snippet":"max-snippet:-1","max-image-preview":"max-image-preview:large","max-video-preview":"max-video-preview:-1"},"canonical":"https:\/\/www.igt.nl\/es\/producto\/analizador-de-fuerza-de-la-caja\/","og_locale":"es_ES","og_type":"article","og_title":"Analizador de fuerza de la caja - IGT Testing Systems","og_description":"El Analizador de Fuerzas del Cart\u00f3n mide las fuerzas que limitan la velocidad de desplazamiento de los envases de cart\u00f3n...","og_url":"https:\/\/www.igt.nl\/es\/producto\/analizador-de-fuerza-de-la-caja\/","og_site_name":"IGT Testing Systems","article_modified_time":"2025-12-17T08:03:06+00:00","og_image":[{"width":700,"height":700,"url":"https:\/\/www.igt.nl\/wp-content\/uploads\/Carton-Force-Analyser-01-700x700-1.jpg","type":"image\/jpeg"}],"twitter_card":"summary_large_image","twitter_misc":{"Tiempo de lectura":"1 minuto"},"schema":{"@context":"https:\/\/schema.org","@graph":[{"@type":"WebPage","@id":"https:\/\/www.igt.nl\/es\/producto\/analizador-de-fuerza-de-la-caja\/","url":"https:\/\/www.igt.nl\/es\/producto\/analizador-de-fuerza-de-la-caja\/","name":"Analizador de fuerza de la caja - IGT Testing Systems","isPartOf":{"@id":"https:\/\/www.igt.nl\/es\/#website"},"primaryImageOfPage":{"@id":"https:\/\/www.igt.nl\/es\/producto\/analizador-de-fuerza-de-la-caja\/#primaryimage"},"image":{"@id":"https:\/\/www.igt.nl\/es\/producto\/analizador-de-fuerza-de-la-caja\/#primaryimage"},"thumbnailUrl":"https:\/\/www.igt.nl\/wp-content\/uploads\/Carton-Force-Analyser-01-700x700-1.jpg","datePublished":"2019-07-11T06:00:38+00:00","dateModified":"2025-12-17T08:03:06+00:00","breadcrumb":{"@id":"https:\/\/www.igt.nl\/es\/producto\/analizador-de-fuerza-de-la-caja\/#breadcrumb"},"inLanguage":"es","potentialAction":[{"@type":"ReadAction","target":["https:\/\/www.igt.nl\/es\/producto\/analizador-de-fuerza-de-la-caja\/"]}]},{"@type":"ImageObject","inLanguage":"es","@id":"https:\/\/www.igt.nl\/es\/producto\/analizador-de-fuerza-de-la-caja\/#primaryimage","url":"https:\/\/www.igt.nl\/wp-content\/uploads\/Carton-Force-Analyser-01-700x700-1.jpg","contentUrl":"https:\/\/www.igt.nl\/wp-content\/uploads\/Carton-Force-Analyser-01-700x700-1.jpg","width":700,"height":700},{"@type":"BreadcrumbList","@id":"https:\/\/www.igt.nl\/es\/producto\/analizador-de-fuerza-de-la-caja\/#breadcrumb","itemListElement":[{"@type":"ListItem","position":1,"name":"Home","item":"https:\/\/www.igt.nl\/es\/?page_id=36171"},{"@type":"ListItem","position":2,"name":"Tienda","item":"https:\/\/www.igt.nl\/es\/?page_id=36068"},{"@type":"ListItem","position":3,"name":"Comprobadores de papel","item":"https:\/\/www.igt.nl\/es\/product-categorie\/comprobadores-de-papel\/"},{"@type":"ListItem","position":4,"name":"Analizador de fuerza de la caja"}]},{"@type":"WebSite","@id":"https:\/\/www.igt.nl\/es\/#website","url":"https:\/\/www.igt.nl\/es\/","name":"IGT Testing Systems","description":"","potentialAction":[{"@type":"SearchAction","target":{"@type":"EntryPoint","urlTemplate":"https:\/\/www.igt.nl\/es\/?s={search_term_string}"},"query-input":{"@type":"PropertyValueSpecification","valueRequired":true,"valueName":"search_term_string"}}],"inLanguage":"es"}]}},"_links":{"self":[{"href":"https:\/\/www.igt.nl\/es\/wp-json\/wp\/v2\/product\/38714","targetHints":{"allow":["GET"]}}],"collection":[{"href":"https:\/\/www.igt.nl\/es\/wp-json\/wp\/v2\/product"}],"about":[{"href":"https:\/\/www.igt.nl\/es\/wp-json\/wp\/v2\/types\/product"}],"replies":[{"embeddable":true,"href":"https:\/\/www.igt.nl\/es\/wp-json\/wp\/v2\/comments?post=38714"}],"wp:featuredmedia":[{"embeddable":true,"href":"https:\/\/www.igt.nl\/es\/wp-json\/wp\/v2\/media\/38716"}],"wp:attachment":[{"href":"https:\/\/www.igt.nl\/es\/wp-json\/wp\/v2\/media?parent=38714"}],"wp:term":[{"taxonomy":"product_brand","embeddable":true,"href":"https:\/\/www.igt.nl\/es\/wp-json\/wp\/v2\/product_brand?post=38714"},{"taxonomy":"product_cat","embeddable":true,"href":"https:\/\/www.igt.nl\/es\/wp-json\/wp\/v2\/product_cat?post=38714"},{"taxonomy":"product_tag","embeddable":true,"href":"https:\/\/www.igt.nl\/es\/wp-json\/wp\/v2\/product_tag?post=38714"}],"curies":[{"name":"wp","href":"https:\/\/api.w.org\/{rel}","templated":true}]}}