{"id":38717,"date":"2019-07-11T06:00:41","date_gmt":"2019-07-11T06:00:41","guid":{"rendered":"https:\/\/www.igt.nl\/?post_type=product&#038;p=38717"},"modified":"2025-12-17T08:03:03","modified_gmt":"2025-12-17T08:03:03","slug":"comprobador-de-pliegues-y-rigidez-del-tablero","status":"publish","type":"product","link":"https:\/\/www.igt.nl\/es\/producto\/comprobador-de-pliegues-y-rigidez-del-tablero\/","title":{"rendered":"Comprobador de pliegues y rigidez del tablero"},"content":{"rendered":"<p>El Comprobador de Rigidez de Pliegues y Cart\u00f3n ofrece a los fabricantes de cart\u00f3n, impresores y empresas de embalaje la posibilidad de predecir la &#8220;capacidad de funcionamiento&#8221; de un cart\u00f3n de muestra o acabado antes de comprometer materiales valiosos o tiempo de m\u00e1quina.<\/p>\n<p>La rigidez del cart\u00f3n y la recuperaci\u00f3n de pliegues son caracter\u00edsticas clave que afectan al rendimiento de funcionamiento de los cartones en las m\u00e1quinas de embalaje de alta velocidad.<\/p>\n","protected":false},"excerpt":{"rendered":"<p>El Comprobador de Rigidez de Pliegues y Cart\u00f3n ofrece a los fabricantes de cart\u00f3n, impresores y empresas de embalaje la&#8230;<\/p>\n","protected":false},"featured_media":38718,"comment_status":"closed","ping_status":"open","template":"","meta":{"_acf_changed":false,"inline_featured_image":false},"product_brand":[],"product_cat":[3568,3878,3436],"product_tag":[],"class_list":{"0":"post-38717","1":"product","2":"type-product","3":"status-publish","4":"has-post-thumbnail","6":"product_cat-comprobadores-de-papel","7":"product_cat-otros-probadores","8":"product_cat-probadores-graficos","9":"product_shipping_class-normaal","10":"pa_dimensions-d-x-w-x-h-cm-23-x-18-x-25","11":"pa_weight-8-kg","13":"first","14":"outofstock","15":"shipping-taxable","16":"purchasable","17":"product-type-simple"},"acf":[],"yoast_head":"<!-- This site is optimized with the Yoast SEO plugin v27.3 - https:\/\/yoast.com\/product\/yoast-seo-wordpress\/ -->\n<title>Comprobador de pliegues y rigidez del tablero - IGT Testing Systems<\/title>\n<meta name=\"robots\" content=\"index, follow, max-snippet:-1, max-image-preview:large, max-video-preview:-1\" \/>\n<link rel=\"canonical\" href=\"https:\/\/www.igt.nl\/es\/producto\/comprobador-de-pliegues-y-rigidez-del-tablero\/\" \/>\n<meta property=\"og:locale\" content=\"es_ES\" \/>\n<meta property=\"og:type\" content=\"article\" \/>\n<meta property=\"og:title\" content=\"Comprobador de pliegues y rigidez del tablero - IGT Testing Systems\" \/>\n<meta property=\"og:description\" content=\"El Comprobador de Rigidez de Pliegues y Cart\u00f3n ofrece a los fabricantes de cart\u00f3n, impresores y empresas de embalaje la...\" \/>\n<meta property=\"og:url\" content=\"https:\/\/www.igt.nl\/es\/producto\/comprobador-de-pliegues-y-rigidez-del-tablero\/\" \/>\n<meta property=\"og:site_name\" content=\"IGT Testing Systems\" \/>\n<meta property=\"article:modified_time\" content=\"2025-12-17T08:03:03+00:00\" \/>\n<meta property=\"og:image\" content=\"https:\/\/www.igt.nl\/wp-content\/uploads\/Crease-Board-Stiffness-tester-01-700x700-1.jpg\" \/>\n\t<meta property=\"og:image:width\" content=\"700\" \/>\n\t<meta property=\"og:image:height\" content=\"700\" \/>\n\t<meta property=\"og:image:type\" content=\"image\/jpeg\" \/>\n<meta name=\"twitter:card\" content=\"summary_large_image\" \/>\n<script type=\"application\/ld+json\" class=\"yoast-schema-graph\">{\"@context\":\"https:\\\/\\\/schema.org\",\"@graph\":[{\"@type\":\"WebPage\",\"@id\":\"https:\\\/\\\/www.igt.nl\\\/es\\\/producto\\\/comprobador-de-pliegues-y-rigidez-del-tablero\\\/\",\"url\":\"https:\\\/\\\/www.igt.nl\\\/es\\\/producto\\\/comprobador-de-pliegues-y-rigidez-del-tablero\\\/\",\"name\":\"Comprobador de pliegues y rigidez del tablero - IGT Testing Systems\",\"isPartOf\":{\"@id\":\"https:\\\/\\\/www.igt.nl\\\/es\\\/#website\"},\"primaryImageOfPage\":{\"@id\":\"https:\\\/\\\/www.igt.nl\\\/es\\\/producto\\\/comprobador-de-pliegues-y-rigidez-del-tablero\\\/#primaryimage\"},\"image\":{\"@id\":\"https:\\\/\\\/www.igt.nl\\\/es\\\/producto\\\/comprobador-de-pliegues-y-rigidez-del-tablero\\\/#primaryimage\"},\"thumbnailUrl\":\"https:\\\/\\\/www.igt.nl\\\/wp-content\\\/uploads\\\/Crease-Board-Stiffness-tester-01-700x700-1.jpg\",\"datePublished\":\"2019-07-11T06:00:41+00:00\",\"dateModified\":\"2025-12-17T08:03:03+00:00\",\"breadcrumb\":{\"@id\":\"https:\\\/\\\/www.igt.nl\\\/es\\\/producto\\\/comprobador-de-pliegues-y-rigidez-del-tablero\\\/#breadcrumb\"},\"inLanguage\":\"es\",\"potentialAction\":[{\"@type\":\"ReadAction\",\"target\":[\"https:\\\/\\\/www.igt.nl\\\/es\\\/producto\\\/comprobador-de-pliegues-y-rigidez-del-tablero\\\/\"]}]},{\"@type\":\"ImageObject\",\"inLanguage\":\"es\",\"@id\":\"https:\\\/\\\/www.igt.nl\\\/es\\\/producto\\\/comprobador-de-pliegues-y-rigidez-del-tablero\\\/#primaryimage\",\"url\":\"https:\\\/\\\/www.igt.nl\\\/wp-content\\\/uploads\\\/Crease-Board-Stiffness-tester-01-700x700-1.jpg\",\"contentUrl\":\"https:\\\/\\\/www.igt.nl\\\/wp-content\\\/uploads\\\/Crease-Board-Stiffness-tester-01-700x700-1.jpg\",\"width\":700,\"height\":700},{\"@type\":\"BreadcrumbList\",\"@id\":\"https:\\\/\\\/www.igt.nl\\\/es\\\/producto\\\/comprobador-de-pliegues-y-rigidez-del-tablero\\\/#breadcrumb\",\"itemListElement\":[{\"@type\":\"ListItem\",\"position\":1,\"name\":\"Home\",\"item\":\"https:\\\/\\\/www.igt.nl\\\/es\\\/?page_id=36171\"},{\"@type\":\"ListItem\",\"position\":2,\"name\":\"Tienda\",\"item\":\"https:\\\/\\\/www.igt.nl\\\/es\\\/?page_id=36068\"},{\"@type\":\"ListItem\",\"position\":3,\"name\":\"Comprobadores de papel\",\"item\":\"https:\\\/\\\/www.igt.nl\\\/es\\\/product-categorie\\\/comprobadores-de-papel\\\/\"},{\"@type\":\"ListItem\",\"position\":4,\"name\":\"Comprobador de pliegues y rigidez del tablero\"}]},{\"@type\":\"WebSite\",\"@id\":\"https:\\\/\\\/www.igt.nl\\\/es\\\/#website\",\"url\":\"https:\\\/\\\/www.igt.nl\\\/es\\\/\",\"name\":\"IGT Testing Systems\",\"description\":\"\",\"potentialAction\":[{\"@type\":\"SearchAction\",\"target\":{\"@type\":\"EntryPoint\",\"urlTemplate\":\"https:\\\/\\\/www.igt.nl\\\/es\\\/?s={search_term_string}\"},\"query-input\":{\"@type\":\"PropertyValueSpecification\",\"valueRequired\":true,\"valueName\":\"search_term_string\"}}],\"inLanguage\":\"es\"}]}<\/script>\n<!-- \/ Yoast SEO plugin. -->","yoast_head_json":{"title":"Comprobador de pliegues y rigidez del tablero - IGT Testing Systems","robots":{"index":"index","follow":"follow","max-snippet":"max-snippet:-1","max-image-preview":"max-image-preview:large","max-video-preview":"max-video-preview:-1"},"canonical":"https:\/\/www.igt.nl\/es\/producto\/comprobador-de-pliegues-y-rigidez-del-tablero\/","og_locale":"es_ES","og_type":"article","og_title":"Comprobador de pliegues y rigidez del tablero - IGT Testing Systems","og_description":"El Comprobador de Rigidez de Pliegues y Cart\u00f3n ofrece a los fabricantes de cart\u00f3n, impresores y empresas de embalaje la...","og_url":"https:\/\/www.igt.nl\/es\/producto\/comprobador-de-pliegues-y-rigidez-del-tablero\/","og_site_name":"IGT Testing Systems","article_modified_time":"2025-12-17T08:03:03+00:00","og_image":[{"width":700,"height":700,"url":"https:\/\/www.igt.nl\/wp-content\/uploads\/Crease-Board-Stiffness-tester-01-700x700-1.jpg","type":"image\/jpeg"}],"twitter_card":"summary_large_image","schema":{"@context":"https:\/\/schema.org","@graph":[{"@type":"WebPage","@id":"https:\/\/www.igt.nl\/es\/producto\/comprobador-de-pliegues-y-rigidez-del-tablero\/","url":"https:\/\/www.igt.nl\/es\/producto\/comprobador-de-pliegues-y-rigidez-del-tablero\/","name":"Comprobador de pliegues y rigidez del tablero - IGT Testing Systems","isPartOf":{"@id":"https:\/\/www.igt.nl\/es\/#website"},"primaryImageOfPage":{"@id":"https:\/\/www.igt.nl\/es\/producto\/comprobador-de-pliegues-y-rigidez-del-tablero\/#primaryimage"},"image":{"@id":"https:\/\/www.igt.nl\/es\/producto\/comprobador-de-pliegues-y-rigidez-del-tablero\/#primaryimage"},"thumbnailUrl":"https:\/\/www.igt.nl\/wp-content\/uploads\/Crease-Board-Stiffness-tester-01-700x700-1.jpg","datePublished":"2019-07-11T06:00:41+00:00","dateModified":"2025-12-17T08:03:03+00:00","breadcrumb":{"@id":"https:\/\/www.igt.nl\/es\/producto\/comprobador-de-pliegues-y-rigidez-del-tablero\/#breadcrumb"},"inLanguage":"es","potentialAction":[{"@type":"ReadAction","target":["https:\/\/www.igt.nl\/es\/producto\/comprobador-de-pliegues-y-rigidez-del-tablero\/"]}]},{"@type":"ImageObject","inLanguage":"es","@id":"https:\/\/www.igt.nl\/es\/producto\/comprobador-de-pliegues-y-rigidez-del-tablero\/#primaryimage","url":"https:\/\/www.igt.nl\/wp-content\/uploads\/Crease-Board-Stiffness-tester-01-700x700-1.jpg","contentUrl":"https:\/\/www.igt.nl\/wp-content\/uploads\/Crease-Board-Stiffness-tester-01-700x700-1.jpg","width":700,"height":700},{"@type":"BreadcrumbList","@id":"https:\/\/www.igt.nl\/es\/producto\/comprobador-de-pliegues-y-rigidez-del-tablero\/#breadcrumb","itemListElement":[{"@type":"ListItem","position":1,"name":"Home","item":"https:\/\/www.igt.nl\/es\/?page_id=36171"},{"@type":"ListItem","position":2,"name":"Tienda","item":"https:\/\/www.igt.nl\/es\/?page_id=36068"},{"@type":"ListItem","position":3,"name":"Comprobadores de papel","item":"https:\/\/www.igt.nl\/es\/product-categorie\/comprobadores-de-papel\/"},{"@type":"ListItem","position":4,"name":"Comprobador de pliegues y rigidez del tablero"}]},{"@type":"WebSite","@id":"https:\/\/www.igt.nl\/es\/#website","url":"https:\/\/www.igt.nl\/es\/","name":"IGT Testing Systems","description":"","potentialAction":[{"@type":"SearchAction","target":{"@type":"EntryPoint","urlTemplate":"https:\/\/www.igt.nl\/es\/?s={search_term_string}"},"query-input":{"@type":"PropertyValueSpecification","valueRequired":true,"valueName":"search_term_string"}}],"inLanguage":"es"}]}},"_links":{"self":[{"href":"https:\/\/www.igt.nl\/es\/wp-json\/wp\/v2\/product\/38717","targetHints":{"allow":["GET"]}}],"collection":[{"href":"https:\/\/www.igt.nl\/es\/wp-json\/wp\/v2\/product"}],"about":[{"href":"https:\/\/www.igt.nl\/es\/wp-json\/wp\/v2\/types\/product"}],"replies":[{"embeddable":true,"href":"https:\/\/www.igt.nl\/es\/wp-json\/wp\/v2\/comments?post=38717"}],"wp:featuredmedia":[{"embeddable":true,"href":"https:\/\/www.igt.nl\/es\/wp-json\/wp\/v2\/media\/38718"}],"wp:attachment":[{"href":"https:\/\/www.igt.nl\/es\/wp-json\/wp\/v2\/media?parent=38717"}],"wp:term":[{"taxonomy":"product_brand","embeddable":true,"href":"https:\/\/www.igt.nl\/es\/wp-json\/wp\/v2\/product_brand?post=38717"},{"taxonomy":"product_cat","embeddable":true,"href":"https:\/\/www.igt.nl\/es\/wp-json\/wp\/v2\/product_cat?post=38717"},{"taxonomy":"product_tag","embeddable":true,"href":"https:\/\/www.igt.nl\/es\/wp-json\/wp\/v2\/product_tag?post=38717"}],"curies":[{"name":"wp","href":"https:\/\/api.w.org\/{rel}","templated":true}]}}