{"id":38722,"date":"2019-07-11T06:00:41","date_gmt":"2019-07-11T06:00:41","guid":{"rendered":"https:\/\/www.igt.nl\/?post_type=product&#038;p=38722"},"modified":"2025-12-17T08:03:03","modified_gmt":"2025-12-17T08:03:03","slug":"dispositivo-de-presion-automatizado-nbs-conductor","status":"publish","type":"product","link":"https:\/\/www.igt.nl\/es\/producto\/dispositivo-de-presion-automatizado-nbs-conductor\/","title":{"rendered":"Dispositivo de Presi\u00f3n Automatizado NBS (Conductor)"},"content":{"rendered":"<p>Accesorio acoplable a todos los dispositivos de arrugado NBS para automatizar el proceso de prensado.<\/p>\n<p>IGT Testing Systems ha desarrollado un dispositivo que puede eliminar la variaci\u00f3n de la presi\u00f3n aplicada. El Dispositivo de Presi\u00f3n Automatizado NBS &#8211; garantiza que el \u00e9mbolo se empuje siempre hacia abajo con la misma fuerza. Cuando el peso empieza a subir, ejerce una presi\u00f3n de 100 N durante un periodo fijo, con lo que se elimina el peligro de que la bola arrugada se empuje demasiado. De este modo, el ensayo de arrugamiento produce resultados m\u00e1s reproducibles. Todas las versiones de los comprobadores de arrugamiento NBS encajan en el dispositivo de presi\u00f3n automatizado NBS, por lo que pueden pedirse para utilizarlos con todos los dispositivos existentes.    <\/p>\n","protected":false},"excerpt":{"rendered":"<p>Garantiza que el \u00e9mbolo del Dispositivo de Aplastamiento NBS se empuje siempre hacia abajo con la misma fuerza.<\/p>\n","protected":false},"featured_media":38731,"comment_status":"closed","ping_status":"closed","template":"","meta":{"_acf_changed":false,"inline_featured_image":false},"product_brand":[],"product_cat":[3568,4446,4582,4173],"product_tag":[],"class_list":{"0":"post-38722","1":"product","2":"type-product","3":"status-publish","4":"has-post-thumbnail","6":"product_cat-comprobadores-de-papel","7":"product_cat-dispositivo-de-arrugado","8":"product_cat-dispositivo-de-arrugado-2","9":"product_cat-seguridad","10":"product_shipping_class-normaal","11":"pa_additional-items-422-000-000-nbs-dispositivo-de-arrugado","12":"pa_dimensions-d-x-w-x-h-cm-25-x-20-x-30","13":"pa_forces-100-n-automaticamente","14":"pa_guarantee-estandar-un-ano","15":"pa_lifting-system-automaticamente","16":"pa_main-application-para-eliminar-la-variacion-de-la-presion-manual-aplicada-sobre-el-dispositivo-de-aplastamiento-nbs","17":"pa_power-supply-requirements-115-v-50-60-hz-o-230-v-50-60-hz","18":"pa_space-requirements-0-2-m","19":"pa_weight-5-kg","21":"first","22":"instock","23":"featured","24":"shipping-taxable","25":"purchasable","26":"product-type-simple"},"acf":[],"yoast_head":"<!-- This site is optimized with the Yoast SEO plugin v27.3 - https:\/\/yoast.com\/product\/yoast-seo-wordpress\/ -->\n<title>Dispositivo de Presi\u00f3n Automatizado NBS (Conductor) - IGT Testing Systems<\/title>\n<meta name=\"description\" content=\"Accesorio que se acopla a todos los dispositivos de arrugado NBS para automatizar el proceso de prensado. Garantiza que el \u00e9mbolo se presione siempre con la misma fuerza.\" \/>\n<meta name=\"robots\" content=\"index, follow, max-snippet:-1, max-image-preview:large, max-video-preview:-1\" \/>\n<link rel=\"canonical\" href=\"https:\/\/www.igt.nl\/es\/producto\/dispositivo-de-presion-automatizado-nbs-conductor\/\" \/>\n<meta property=\"og:locale\" content=\"es_ES\" \/>\n<meta property=\"og:type\" content=\"article\" \/>\n<meta property=\"og:title\" content=\"Dispositivo de Presi\u00f3n Automatizado NBS (Conductor) - IGT Testing Systems\" \/>\n<meta property=\"og:description\" content=\"Accesorio que se acopla a todos los dispositivos de arrugado NBS para automatizar el proceso de prensado. Garantiza que el \u00e9mbolo se presione siempre con la misma fuerza.\" \/>\n<meta property=\"og:url\" content=\"https:\/\/www.igt.nl\/es\/producto\/dispositivo-de-presion-automatizado-nbs-conductor\/\" \/>\n<meta property=\"og:site_name\" content=\"IGT Testing Systems\" \/>\n<meta property=\"article:modified_time\" content=\"2025-12-17T08:03:03+00:00\" \/>\n<meta property=\"og:image\" content=\"https:\/\/www.igt.nl\/wp-content\/uploads\/422.000.000-NBS-Crumpling_IMG_3720_1-1_vs.jpg\" \/>\n\t<meta property=\"og:image:width\" content=\"1200\" \/>\n\t<meta property=\"og:image:height\" content=\"1200\" \/>\n\t<meta property=\"og:image:type\" content=\"image\/jpeg\" \/>\n<meta name=\"twitter:card\" content=\"summary_large_image\" \/>\n<meta name=\"twitter:label1\" content=\"Tiempo de lectura\" \/>\n\t<meta name=\"twitter:data1\" content=\"1 minuto\" \/>\n<script type=\"application\/ld+json\" class=\"yoast-schema-graph\">{\"@context\":\"https:\\\/\\\/schema.org\",\"@graph\":[{\"@type\":\"WebPage\",\"@id\":\"https:\\\/\\\/www.igt.nl\\\/es\\\/producto\\\/dispositivo-de-presion-automatizado-nbs-conductor\\\/\",\"url\":\"https:\\\/\\\/www.igt.nl\\\/es\\\/producto\\\/dispositivo-de-presion-automatizado-nbs-conductor\\\/\",\"name\":\"Dispositivo de Presi\u00f3n Automatizado NBS (Conductor) - IGT Testing Systems\",\"isPartOf\":{\"@id\":\"https:\\\/\\\/www.igt.nl\\\/es\\\/#website\"},\"primaryImageOfPage\":{\"@id\":\"https:\\\/\\\/www.igt.nl\\\/es\\\/producto\\\/dispositivo-de-presion-automatizado-nbs-conductor\\\/#primaryimage\"},\"image\":{\"@id\":\"https:\\\/\\\/www.igt.nl\\\/es\\\/producto\\\/dispositivo-de-presion-automatizado-nbs-conductor\\\/#primaryimage\"},\"thumbnailUrl\":\"https:\\\/\\\/www.igt.nl\\\/wp-content\\\/uploads\\\/422.000.000-NBS-Crumpling_IMG_3720_1-1_vs.jpg\",\"datePublished\":\"2019-07-11T06:00:41+00:00\",\"dateModified\":\"2025-12-17T08:03:03+00:00\",\"description\":\"Accesorio que se acopla a todos los dispositivos de arrugado NBS para automatizar el proceso de prensado. Garantiza que el \u00e9mbolo se presione siempre con la misma fuerza.\",\"breadcrumb\":{\"@id\":\"https:\\\/\\\/www.igt.nl\\\/es\\\/producto\\\/dispositivo-de-presion-automatizado-nbs-conductor\\\/#breadcrumb\"},\"inLanguage\":\"es\",\"potentialAction\":[{\"@type\":\"ReadAction\",\"target\":[\"https:\\\/\\\/www.igt.nl\\\/es\\\/producto\\\/dispositivo-de-presion-automatizado-nbs-conductor\\\/\"]}]},{\"@type\":\"ImageObject\",\"inLanguage\":\"es\",\"@id\":\"https:\\\/\\\/www.igt.nl\\\/es\\\/producto\\\/dispositivo-de-presion-automatizado-nbs-conductor\\\/#primaryimage\",\"url\":\"https:\\\/\\\/www.igt.nl\\\/wp-content\\\/uploads\\\/422.000.000-NBS-Crumpling_IMG_3720_1-1_vs.jpg\",\"contentUrl\":\"https:\\\/\\\/www.igt.nl\\\/wp-content\\\/uploads\\\/422.000.000-NBS-Crumpling_IMG_3720_1-1_vs.jpg\",\"width\":1200,\"height\":1200},{\"@type\":\"BreadcrumbList\",\"@id\":\"https:\\\/\\\/www.igt.nl\\\/es\\\/producto\\\/dispositivo-de-presion-automatizado-nbs-conductor\\\/#breadcrumb\",\"itemListElement\":[{\"@type\":\"ListItem\",\"position\":1,\"name\":\"Home\",\"item\":\"https:\\\/\\\/www.igt.nl\\\/es\\\/?page_id=36171\"},{\"@type\":\"ListItem\",\"position\":2,\"name\":\"Tienda\",\"item\":\"https:\\\/\\\/www.igt.nl\\\/es\\\/?page_id=36068\"},{\"@type\":\"ListItem\",\"position\":3,\"name\":\"Comprobadores de papel\",\"item\":\"https:\\\/\\\/www.igt.nl\\\/es\\\/product-categorie\\\/comprobadores-de-papel\\\/\"},{\"@type\":\"ListItem\",\"position\":4,\"name\":\"Dispositivo de Presi\u00f3n Automatizado NBS (Conductor)\"}]},{\"@type\":\"WebSite\",\"@id\":\"https:\\\/\\\/www.igt.nl\\\/es\\\/#website\",\"url\":\"https:\\\/\\\/www.igt.nl\\\/es\\\/\",\"name\":\"IGT Testing Systems\",\"description\":\"\",\"potentialAction\":[{\"@type\":\"SearchAction\",\"target\":{\"@type\":\"EntryPoint\",\"urlTemplate\":\"https:\\\/\\\/www.igt.nl\\\/es\\\/?s={search_term_string}\"},\"query-input\":{\"@type\":\"PropertyValueSpecification\",\"valueRequired\":true,\"valueName\":\"search_term_string\"}}],\"inLanguage\":\"es\"}]}<\/script>\n<!-- \/ Yoast SEO plugin. -->","yoast_head_json":{"title":"Dispositivo de Presi\u00f3n Automatizado NBS (Conductor) - IGT Testing Systems","description":"Accesorio que se acopla a todos los dispositivos de arrugado NBS para automatizar el proceso de prensado. Garantiza que el \u00e9mbolo se presione siempre con la misma fuerza.","robots":{"index":"index","follow":"follow","max-snippet":"max-snippet:-1","max-image-preview":"max-image-preview:large","max-video-preview":"max-video-preview:-1"},"canonical":"https:\/\/www.igt.nl\/es\/producto\/dispositivo-de-presion-automatizado-nbs-conductor\/","og_locale":"es_ES","og_type":"article","og_title":"Dispositivo de Presi\u00f3n Automatizado NBS (Conductor) - IGT Testing Systems","og_description":"Accesorio que se acopla a todos los dispositivos de arrugado NBS para automatizar el proceso de prensado. Garantiza que el \u00e9mbolo se presione siempre con la misma fuerza.","og_url":"https:\/\/www.igt.nl\/es\/producto\/dispositivo-de-presion-automatizado-nbs-conductor\/","og_site_name":"IGT Testing Systems","article_modified_time":"2025-12-17T08:03:03+00:00","og_image":[{"width":1200,"height":1200,"url":"https:\/\/www.igt.nl\/wp-content\/uploads\/422.000.000-NBS-Crumpling_IMG_3720_1-1_vs.jpg","type":"image\/jpeg"}],"twitter_card":"summary_large_image","twitter_misc":{"Tiempo de lectura":"1 minuto"},"schema":{"@context":"https:\/\/schema.org","@graph":[{"@type":"WebPage","@id":"https:\/\/www.igt.nl\/es\/producto\/dispositivo-de-presion-automatizado-nbs-conductor\/","url":"https:\/\/www.igt.nl\/es\/producto\/dispositivo-de-presion-automatizado-nbs-conductor\/","name":"Dispositivo de Presi\u00f3n Automatizado NBS (Conductor) - IGT Testing Systems","isPartOf":{"@id":"https:\/\/www.igt.nl\/es\/#website"},"primaryImageOfPage":{"@id":"https:\/\/www.igt.nl\/es\/producto\/dispositivo-de-presion-automatizado-nbs-conductor\/#primaryimage"},"image":{"@id":"https:\/\/www.igt.nl\/es\/producto\/dispositivo-de-presion-automatizado-nbs-conductor\/#primaryimage"},"thumbnailUrl":"https:\/\/www.igt.nl\/wp-content\/uploads\/422.000.000-NBS-Crumpling_IMG_3720_1-1_vs.jpg","datePublished":"2019-07-11T06:00:41+00:00","dateModified":"2025-12-17T08:03:03+00:00","description":"Accesorio que se acopla a todos los dispositivos de arrugado NBS para automatizar el proceso de prensado. Garantiza que el \u00e9mbolo se presione siempre con la misma fuerza.","breadcrumb":{"@id":"https:\/\/www.igt.nl\/es\/producto\/dispositivo-de-presion-automatizado-nbs-conductor\/#breadcrumb"},"inLanguage":"es","potentialAction":[{"@type":"ReadAction","target":["https:\/\/www.igt.nl\/es\/producto\/dispositivo-de-presion-automatizado-nbs-conductor\/"]}]},{"@type":"ImageObject","inLanguage":"es","@id":"https:\/\/www.igt.nl\/es\/producto\/dispositivo-de-presion-automatizado-nbs-conductor\/#primaryimage","url":"https:\/\/www.igt.nl\/wp-content\/uploads\/422.000.000-NBS-Crumpling_IMG_3720_1-1_vs.jpg","contentUrl":"https:\/\/www.igt.nl\/wp-content\/uploads\/422.000.000-NBS-Crumpling_IMG_3720_1-1_vs.jpg","width":1200,"height":1200},{"@type":"BreadcrumbList","@id":"https:\/\/www.igt.nl\/es\/producto\/dispositivo-de-presion-automatizado-nbs-conductor\/#breadcrumb","itemListElement":[{"@type":"ListItem","position":1,"name":"Home","item":"https:\/\/www.igt.nl\/es\/?page_id=36171"},{"@type":"ListItem","position":2,"name":"Tienda","item":"https:\/\/www.igt.nl\/es\/?page_id=36068"},{"@type":"ListItem","position":3,"name":"Comprobadores de papel","item":"https:\/\/www.igt.nl\/es\/product-categorie\/comprobadores-de-papel\/"},{"@type":"ListItem","position":4,"name":"Dispositivo de Presi\u00f3n Automatizado NBS (Conductor)"}]},{"@type":"WebSite","@id":"https:\/\/www.igt.nl\/es\/#website","url":"https:\/\/www.igt.nl\/es\/","name":"IGT Testing Systems","description":"","potentialAction":[{"@type":"SearchAction","target":{"@type":"EntryPoint","urlTemplate":"https:\/\/www.igt.nl\/es\/?s={search_term_string}"},"query-input":{"@type":"PropertyValueSpecification","valueRequired":true,"valueName":"search_term_string"}}],"inLanguage":"es"}]}},"_links":{"self":[{"href":"https:\/\/www.igt.nl\/es\/wp-json\/wp\/v2\/product\/38722","targetHints":{"allow":["GET"]}}],"collection":[{"href":"https:\/\/www.igt.nl\/es\/wp-json\/wp\/v2\/product"}],"about":[{"href":"https:\/\/www.igt.nl\/es\/wp-json\/wp\/v2\/types\/product"}],"replies":[{"embeddable":true,"href":"https:\/\/www.igt.nl\/es\/wp-json\/wp\/v2\/comments?post=38722"}],"wp:featuredmedia":[{"embeddable":true,"href":"https:\/\/www.igt.nl\/es\/wp-json\/wp\/v2\/media\/38731"}],"wp:attachment":[{"href":"https:\/\/www.igt.nl\/es\/wp-json\/wp\/v2\/media?parent=38722"}],"wp:term":[{"taxonomy":"product_brand","embeddable":true,"href":"https:\/\/www.igt.nl\/es\/wp-json\/wp\/v2\/product_brand?post=38722"},{"taxonomy":"product_cat","embeddable":true,"href":"https:\/\/www.igt.nl\/es\/wp-json\/wp\/v2\/product_cat?post=38722"},{"taxonomy":"product_tag","embeddable":true,"href":"https:\/\/www.igt.nl\/es\/wp-json\/wp\/v2\/product_tag?post=38722"}],"curies":[{"name":"wp","href":"https:\/\/api.w.org\/{rel}","templated":true}]}}