{"id":38733,"date":"2019-07-11T10:00:56","date_gmt":"2019-07-11T10:00:56","guid":{"rendered":"https:\/\/www.igt.nl\/?post_type=product&#038;p=38733"},"modified":"2025-12-17T08:02:53","modified_gmt":"2025-12-17T08:02:53","slug":"g1-5","status":"publish","type":"product","link":"https:\/\/www.igt.nl\/es\/producto\/g1-5\/","title":{"rendered":"G1-5"},"content":{"rendered":"<p>G1-5: comprobador de imprimibilidad para impresiones en huecograbado.<\/p>\n<p>Probador dedicado a producir impresiones en color de tintas de huecograbado convencionales y UV.<br \/>\nDisponible con anchura de impresi\u00f3n de 45 mm.<\/p>\n<ul>\n<li>Alta reproducibilidad<\/li>\n<li>F\u00e1cil de manejar<\/li>\n<li>Resultados coherentes<\/li>\n<\/ul>\n<h4><strong>El mejor comprobador de imprimibilidad de tintas de huecograbado del mundo.<\/strong><\/h4>\n<p>Para las tintas de huecograbado, IGT Testing Systems comercializa los comprobadores de imprimibilidad G1-5 para distintos anchos de impresi\u00f3n.<\/p>\n<p>Estos comprobadores imprimen tiras de color con tintas de huecograbado que pueden utilizarse para muchos fines. Especialmente dise\u00f1ados para sistemas informatizados de medici\u00f3n y ajuste del color. Ahorra costes porque ya no son necesarias las pruebas de color en las m\u00e1quinas de impresi\u00f3n.  <\/p>\n<p><strong>APLICACIONES<\/strong><br \/>\nLos comprobadores de imprimibilidad G1-5 producen tiras de color adecuadas para muchos fines, como:<\/p>\n<ul>\n<li>Medici\u00f3n del color con sistemas de medici\u00f3n del color\/espectrofot\u00f3metros, sistemas de igualaci\u00f3n de colores<\/li>\n<li>Valoraci\u00f3n visual<\/li>\n<li>Mediciones de densidad, incluido el establecimiento de tolerancias de color y densidad y la determinaci\u00f3n de la cobertura, la resistencia al desgaste, la resistencia al rayado, la flexibilidad, la adherencia y el brillo, la transferencia de tinta, la solidez a la luz y la resistencia a los productos qu\u00edmicos.<\/li>\n<li>Comprobaci\u00f3n de la calidad de impresi\u00f3n<\/li>\n<\/ul>\n<p>Los comprobadores G1-5 imprimen en muchos tipos de materiales recubiertos y no recubiertos: papel, cart\u00f3n, pel\u00edcula de pl\u00e1stico, celof\u00e1n, laminado, etc.<\/p>\n<p>El G1-5 se utiliza en las siguientes industrias:<\/p>\n<ul>\n<li>tinta de imprenta, papel y cart\u00f3n, imprenta<\/li>\n<li>electr\u00f3nica<\/li>\n<li>pl\u00e1sticos, etiquetas y envases<\/li>\n<li>resinas, lacas y revestimientos<\/li>\n<li>materias primas<\/li>\n<\/ul>\n<p><strong>PROPIEDADES<\/strong><br \/>\nF\u00e1cil de manejar y de construcci\u00f3n robusta para un uso intensivo durante mucho tiempo; f\u00e1cil y r\u00e1pida de limpiar<br \/>\nAmplias posibilidades de procesamiento para diversos sustratos y tintas de huecograbado; el cambio de sustrato, tinta y forma de impresi\u00f3n es sencillo y r\u00e1pido.<br \/>\nExcelente reproducibilidad, alto grado de simulaci\u00f3n de la pr\u00e1ctica real.<\/p>\n<p><strong>FUNCIONAMIENTO<\/strong><br \/>\nLos comprobadores de imprimibilidad G1-5 constan de una forma de impresi\u00f3n grabada intercambiable, que se entinta con ayuda de una cuchilla rascadora, y un cilindro de impresi\u00f3n. El sustrato se fija a un soporte que se coloca en la gu\u00eda del sustrato, entre el cilindro de impresi\u00f3n y el disco de impresi\u00f3n. La fuerza de impresi\u00f3n se aplica entre el disco de impresi\u00f3n y el soporte, y al mismo tiempo se establece el contacto entre la rasqueta y el disco de impresi\u00f3n. Con una pipeta, se aplican unas gotas de tinta en el punto de contacto entre la rasqueta y el disco de impresi\u00f3n. A continuaci\u00f3n se pone en marcha el sistema de impresi\u00f3n, se limpia el exceso de tinta y se imprime la imagen. La rasqueta y el disco de impresi\u00f3n se levantan autom\u00e1ticamente.<br \/>\nEl soporte se retira para su evaluaci\u00f3n y la rasqueta y el disco de impresi\u00f3n se retiran para su limpieza. En la impresi\u00f3n en huecograbado, la calidad de impresi\u00f3n depende mucho de la velocidad, por lo que \u00e9sta se puede ajustar en cinco pasos.<x id=\"gid_3\"><\/x>Se realizan autom\u00e1ticamente dos revoluciones del disco de impresi\u00f3n en huecograbado; de este modo se llenan mejor de tinta las celdas grabadas. La segunda parte de la impresi\u00f3n total es la m\u00e1s adecuada para una evaluaci\u00f3n posterior.       <\/p>\n","protected":false},"excerpt":{"rendered":"<p>Probador de imprimibilidad para impresiones en huecograbado; 50 mm de anchura<\/p>\n","protected":false},"featured_media":38739,"comment_status":"closed","ping_status":"closed","template":"","meta":{"_acf_changed":false,"inline_featured_image":false},"product_brand":[],"product_cat":[3437,3438,4590,3435,3436],"product_tag":[],"class_list":{"0":"post-38733","1":"product","2":"type-product","3":"status-publish","4":"has-post-thumbnail","6":"product_cat-48-horas","7":"product_cat-comprobadores-electronicos","8":"product_cat-huecograbado","9":"product_cat-probadores-de-tinta","10":"product_cat-probadores-graficos","11":"product_shipping_class-normaal","12":"pa_accessories-conjunto-de-heliotest","13":"pa_additional-items-555-000-060-brillometro-igt-g60-60","14":"pa_conformance-with-standards-iso-2834-2","15":"pa_conformance-with-standards-iso-2836","16":"pa_conformance-with-standards-iso-2846-3","17":"pa_conformance-with-standards-iso-2846-5","18":"pa_dimensions-d-x-w-x-h-cm-30-x-65-x-40","19":"pa_doctoring-system-doctor-blade-arrastre-60","20":"pa_forces-100-1000-n","21":"pa_guarantee-estandar-un-ano","22":"pa_inks-or-liquids-tintas-flexograficas-y-de-huecograbado","23":"pa_lifting-system-automaticamente","24":"pa_main-application-combinacion-de-colores","25":"pa_main-application-imprime-el-sustrato-con-tintas-flexograficas-o-de-huecograbado","26":"pa_main-application-medicion-del-color","27":"pa_main-application-mediciones-de-densidad-y-medicion-de-propiedades-como-resistencia-al-desgaste-resistencia-al-rayado-solidez-moteado-etc","28":"pa_main-application-valoracion-visual","29":"pa_maintenance-anual","30":"pa_maintenance-el-mantenimiento-y-la-calibracion-anuales-del-comprobador-pueden-ser-realizados-por-igt-testing-systems-o-por-empresas-autorizadas-por-igt-testing-systems","31":"pa_maintenance-puedes-obtener-informacion-de-tu-proveedor-o-del-agente-local","32":"pa_print-length-and-width-mm-2x-200x-45","33":"pa_printing-discs-heliotest","34":"pa_printing-discs-huecograbado","35":"pa_shaft-positioning-automaticamente","36":"pa_space-requirements-0-7-m","37":"pa_speed-range-and-modes-constante-02-04-06-08-10-m-s","38":"pa_substrate-requirements-sustratos-flexibles","39":"pa_substrate-requirements-sustratos-rigidos","40":"pa_weight-35-kg","42":"first","43":"instock","44":"shipping-taxable","45":"purchasable","46":"product-type-simple"},"acf":[],"yoast_head":"<!-- This site is optimized with the Yoast SEO plugin v27.3 - https:\/\/yoast.com\/product\/yoast-seo-wordpress\/ -->\n<title>G1-5 - IGT Testing Systems<\/title>\n<meta name=\"description\" content=\"G1-5: comprobador de imprimibilidad para impresiones en huecograbado. Comprobador dedicado a producir impresiones en color de tintas de huecograbado convencionales y UV.\" \/>\n<meta name=\"robots\" content=\"index, follow, max-snippet:-1, max-image-preview:large, max-video-preview:-1\" \/>\n<link rel=\"canonical\" href=\"https:\/\/www.igt.nl\/es\/producto\/g1-5\/\" \/>\n<meta property=\"og:locale\" content=\"es_ES\" \/>\n<meta property=\"og:type\" content=\"article\" \/>\n<meta property=\"og:title\" content=\"G1-5 - IGT Testing Systems\" \/>\n<meta property=\"og:description\" content=\"G1-5: comprobador de imprimibilidad para impresiones en huecograbado. Comprobador dedicado a producir impresiones en color de tintas de huecograbado convencionales y UV.\" \/>\n<meta property=\"og:url\" content=\"https:\/\/www.igt.nl\/es\/producto\/g1-5\/\" \/>\n<meta property=\"og:site_name\" content=\"IGT Testing Systems\" \/>\n<meta property=\"article:modified_time\" content=\"2025-12-17T08:02:53+00:00\" \/>\n<meta property=\"og:image\" content=\"https:\/\/www.igt.nl\/wp-content\/uploads\/433.000-G1-5_MGF3374_rvs_1-1.jpg\" \/>\n\t<meta property=\"og:image:width\" content=\"771\" \/>\n\t<meta property=\"og:image:height\" content=\"771\" \/>\n\t<meta property=\"og:image:type\" content=\"image\/jpeg\" \/>\n<meta name=\"twitter:card\" content=\"summary_large_image\" \/>\n<meta name=\"twitter:label1\" content=\"Tiempo de lectura\" \/>\n\t<meta name=\"twitter:data1\" content=\"3 minutos\" \/>\n<script type=\"application\/ld+json\" class=\"yoast-schema-graph\">{\"@context\":\"https:\\\/\\\/schema.org\",\"@graph\":[{\"@type\":\"WebPage\",\"@id\":\"https:\\\/\\\/www.igt.nl\\\/es\\\/producto\\\/g1-5\\\/\",\"url\":\"https:\\\/\\\/www.igt.nl\\\/es\\\/producto\\\/g1-5\\\/\",\"name\":\"G1-5 - IGT Testing Systems\",\"isPartOf\":{\"@id\":\"https:\\\/\\\/www.igt.nl\\\/es\\\/#website\"},\"primaryImageOfPage\":{\"@id\":\"https:\\\/\\\/www.igt.nl\\\/es\\\/producto\\\/g1-5\\\/#primaryimage\"},\"image\":{\"@id\":\"https:\\\/\\\/www.igt.nl\\\/es\\\/producto\\\/g1-5\\\/#primaryimage\"},\"thumbnailUrl\":\"https:\\\/\\\/www.igt.nl\\\/wp-content\\\/uploads\\\/433.000-G1-5_MGF3374_rvs_1-1.jpg\",\"datePublished\":\"2019-07-11T10:00:56+00:00\",\"dateModified\":\"2025-12-17T08:02:53+00:00\",\"description\":\"G1-5: comprobador de imprimibilidad para impresiones en huecograbado. Comprobador dedicado a producir impresiones en color de tintas de huecograbado convencionales y UV.\",\"breadcrumb\":{\"@id\":\"https:\\\/\\\/www.igt.nl\\\/es\\\/producto\\\/g1-5\\\/#breadcrumb\"},\"inLanguage\":\"es\",\"potentialAction\":[{\"@type\":\"ReadAction\",\"target\":[\"https:\\\/\\\/www.igt.nl\\\/es\\\/producto\\\/g1-5\\\/\"]}]},{\"@type\":\"ImageObject\",\"inLanguage\":\"es\",\"@id\":\"https:\\\/\\\/www.igt.nl\\\/es\\\/producto\\\/g1-5\\\/#primaryimage\",\"url\":\"https:\\\/\\\/www.igt.nl\\\/wp-content\\\/uploads\\\/433.000-G1-5_MGF3374_rvs_1-1.jpg\",\"contentUrl\":\"https:\\\/\\\/www.igt.nl\\\/wp-content\\\/uploads\\\/433.000-G1-5_MGF3374_rvs_1-1.jpg\",\"width\":771,\"height\":771},{\"@type\":\"BreadcrumbList\",\"@id\":\"https:\\\/\\\/www.igt.nl\\\/es\\\/producto\\\/g1-5\\\/#breadcrumb\",\"itemListElement\":[{\"@type\":\"ListItem\",\"position\":1,\"name\":\"Home\",\"item\":\"https:\\\/\\\/www.igt.nl\\\/es\\\/?page_id=36171\"},{\"@type\":\"ListItem\",\"position\":2,\"name\":\"Tienda\",\"item\":\"https:\\\/\\\/www.igt.nl\\\/es\\\/?page_id=36068\"},{\"@type\":\"ListItem\",\"position\":3,\"name\":\"48 horas\",\"item\":\"https:\\\/\\\/www.igt.nl\\\/es\\\/product-categorie\\\/48-horas\\\/\"},{\"@type\":\"ListItem\",\"position\":4,\"name\":\"G1-5\"}]},{\"@type\":\"WebSite\",\"@id\":\"https:\\\/\\\/www.igt.nl\\\/es\\\/#website\",\"url\":\"https:\\\/\\\/www.igt.nl\\\/es\\\/\",\"name\":\"IGT Testing Systems\",\"description\":\"\",\"potentialAction\":[{\"@type\":\"SearchAction\",\"target\":{\"@type\":\"EntryPoint\",\"urlTemplate\":\"https:\\\/\\\/www.igt.nl\\\/es\\\/?s={search_term_string}\"},\"query-input\":{\"@type\":\"PropertyValueSpecification\",\"valueRequired\":true,\"valueName\":\"search_term_string\"}}],\"inLanguage\":\"es\"}]}<\/script>\n<!-- \/ Yoast SEO plugin. -->","yoast_head_json":{"title":"G1-5 - IGT Testing Systems","description":"G1-5: comprobador de imprimibilidad para impresiones en huecograbado. Comprobador dedicado a producir impresiones en color de tintas de huecograbado convencionales y UV.","robots":{"index":"index","follow":"follow","max-snippet":"max-snippet:-1","max-image-preview":"max-image-preview:large","max-video-preview":"max-video-preview:-1"},"canonical":"https:\/\/www.igt.nl\/es\/producto\/g1-5\/","og_locale":"es_ES","og_type":"article","og_title":"G1-5 - IGT Testing Systems","og_description":"G1-5: comprobador de imprimibilidad para impresiones en huecograbado. Comprobador dedicado a producir impresiones en color de tintas de huecograbado convencionales y UV.","og_url":"https:\/\/www.igt.nl\/es\/producto\/g1-5\/","og_site_name":"IGT Testing Systems","article_modified_time":"2025-12-17T08:02:53+00:00","og_image":[{"width":771,"height":771,"url":"https:\/\/www.igt.nl\/wp-content\/uploads\/433.000-G1-5_MGF3374_rvs_1-1.jpg","type":"image\/jpeg"}],"twitter_card":"summary_large_image","twitter_misc":{"Tiempo de lectura":"3 minutos"},"schema":{"@context":"https:\/\/schema.org","@graph":[{"@type":"WebPage","@id":"https:\/\/www.igt.nl\/es\/producto\/g1-5\/","url":"https:\/\/www.igt.nl\/es\/producto\/g1-5\/","name":"G1-5 - IGT Testing Systems","isPartOf":{"@id":"https:\/\/www.igt.nl\/es\/#website"},"primaryImageOfPage":{"@id":"https:\/\/www.igt.nl\/es\/producto\/g1-5\/#primaryimage"},"image":{"@id":"https:\/\/www.igt.nl\/es\/producto\/g1-5\/#primaryimage"},"thumbnailUrl":"https:\/\/www.igt.nl\/wp-content\/uploads\/433.000-G1-5_MGF3374_rvs_1-1.jpg","datePublished":"2019-07-11T10:00:56+00:00","dateModified":"2025-12-17T08:02:53+00:00","description":"G1-5: comprobador de imprimibilidad para impresiones en huecograbado. Comprobador dedicado a producir impresiones en color de tintas de huecograbado convencionales y UV.","breadcrumb":{"@id":"https:\/\/www.igt.nl\/es\/producto\/g1-5\/#breadcrumb"},"inLanguage":"es","potentialAction":[{"@type":"ReadAction","target":["https:\/\/www.igt.nl\/es\/producto\/g1-5\/"]}]},{"@type":"ImageObject","inLanguage":"es","@id":"https:\/\/www.igt.nl\/es\/producto\/g1-5\/#primaryimage","url":"https:\/\/www.igt.nl\/wp-content\/uploads\/433.000-G1-5_MGF3374_rvs_1-1.jpg","contentUrl":"https:\/\/www.igt.nl\/wp-content\/uploads\/433.000-G1-5_MGF3374_rvs_1-1.jpg","width":771,"height":771},{"@type":"BreadcrumbList","@id":"https:\/\/www.igt.nl\/es\/producto\/g1-5\/#breadcrumb","itemListElement":[{"@type":"ListItem","position":1,"name":"Home","item":"https:\/\/www.igt.nl\/es\/?page_id=36171"},{"@type":"ListItem","position":2,"name":"Tienda","item":"https:\/\/www.igt.nl\/es\/?page_id=36068"},{"@type":"ListItem","position":3,"name":"48 horas","item":"https:\/\/www.igt.nl\/es\/product-categorie\/48-horas\/"},{"@type":"ListItem","position":4,"name":"G1-5"}]},{"@type":"WebSite","@id":"https:\/\/www.igt.nl\/es\/#website","url":"https:\/\/www.igt.nl\/es\/","name":"IGT Testing Systems","description":"","potentialAction":[{"@type":"SearchAction","target":{"@type":"EntryPoint","urlTemplate":"https:\/\/www.igt.nl\/es\/?s={search_term_string}"},"query-input":{"@type":"PropertyValueSpecification","valueRequired":true,"valueName":"search_term_string"}}],"inLanguage":"es"}]}},"_links":{"self":[{"href":"https:\/\/www.igt.nl\/es\/wp-json\/wp\/v2\/product\/38733","targetHints":{"allow":["GET"]}}],"collection":[{"href":"https:\/\/www.igt.nl\/es\/wp-json\/wp\/v2\/product"}],"about":[{"href":"https:\/\/www.igt.nl\/es\/wp-json\/wp\/v2\/types\/product"}],"replies":[{"embeddable":true,"href":"https:\/\/www.igt.nl\/es\/wp-json\/wp\/v2\/comments?post=38733"}],"wp:featuredmedia":[{"embeddable":true,"href":"https:\/\/www.igt.nl\/es\/wp-json\/wp\/v2\/media\/38739"}],"wp:attachment":[{"href":"https:\/\/www.igt.nl\/es\/wp-json\/wp\/v2\/media?parent=38733"}],"wp:term":[{"taxonomy":"product_brand","embeddable":true,"href":"https:\/\/www.igt.nl\/es\/wp-json\/wp\/v2\/product_brand?post=38733"},{"taxonomy":"product_cat","embeddable":true,"href":"https:\/\/www.igt.nl\/es\/wp-json\/wp\/v2\/product_cat?post=38733"},{"taxonomy":"product_tag","embeddable":true,"href":"https:\/\/www.igt.nl\/es\/wp-json\/wp\/v2\/product_tag?post=38733"}],"curies":[{"name":"wp","href":"https:\/\/api.w.org\/{rel}","templated":true}]}}