{"id":38743,"date":"2019-07-11T06:00:42","date_gmt":"2019-07-11T06:00:42","guid":{"rendered":"https:\/\/www.igt.nl\/?post_type=product&#038;p=38743"},"modified":"2025-12-17T08:03:02","modified_gmt":"2025-12-17T08:03:02","slug":"frotador-de-tinta-igt","status":"publish","type":"product","link":"https:\/\/www.igt.nl\/es\/producto\/frotador-de-tinta-igt\/","title":{"rendered":"Frotador de tinta IGT"},"content":{"rendered":"<p>El Frotador de Tinta IGT es un instrumento avanzado dise\u00f1ado para automatizar el frotamiento de una tira de prueba con un control preciso de la presi\u00f3n, la velocidad y la temperatura opcional. Este proceso ayuda a evaluar la resistencia a la abrasi\u00f3n de las impresiones, una propiedad crucial para los materiales impresos. Los posibles da\u00f1os causados por la abrasi\u00f3n durante el procesamiento, el transporte, el almacenamiento, la manipulaci\u00f3n o el uso pueden provocar la degradaci\u00f3n de la calidad de la imagen y la legibilidad de la informaci\u00f3n.  <\/p>\n<p>Este Frotador de Tinta facilita una comparaci\u00f3n sistem\u00e1tica de la resistencia a la abrasi\u00f3n entre diversos materiales en condiciones cuidadosamente controladas. Adem\u00e1s, ofrece versatilidad al acomodar pesos para fuerzas mayores y menores, y proporciona adem\u00e1s opciones para pesos calefactados (designados con el n\u00ba de art\u00edculo 510.200). Esta adaptabilidad garantiza una evaluaci\u00f3n exhaustiva del rendimiento de los materiales, lo que convierte al Comprobador de Fricci\u00f3n de Tinta en una valiosa herramienta para las industrias en las que la calidad de impresi\u00f3n y la durabilidad son primordiales.  <\/p>\n<h4>General<\/h4>\n<p>Controla el papel, el cart\u00f3n y\/o la tinta en relaci\u00f3n con los siguientes temas:<br \/>\n&#8211; resistencia a la abrasi\u00f3n;<br \/>\n&#8211; emborronamiento;<br \/>\n&#8211; efecto del calor sobre estas propiedades (opcional).<\/p>\n<h4>Normas<\/h4>\n<p>Normas aplicables: ASTM D5264, Tappi T 830. El Comprobador de Fricci\u00f3n de Tinta IGT es totalmente compatible con el Finat FTM 27. <\/p>\n<h4>Principio<\/h4>\n<p>Se monta una muestra impresa sobre la almohadilla base de goma o, en caso de pruebas con calor, sobre una almohadilla base de silicona.<br \/>\n&#8211; Un trineo con un receptor en blanco -el mismo sustrato que la muestra impresa- se pone en contacto con la impresi\u00f3n<\/p>\n<p>NOTA: En las pruebas con calor, el trineo (pesa calentada) no tiene muestra receptora ni almohadilla. En las pruebas de &#8220;abrasi\u00f3n en caliente<br \/>\n&#8220;, las bandas de contacto de la pesa calentada est\u00e1n en contacto directo con la muestra impresa. <\/p>\n<p>&#8211; El trineo se mueve de izquierda a derecha y viceversa sobre la huella<br \/>\n&#8211; Con peso y presi\u00f3n conocidos<br \/>\n&#8211; Con velocidad controlada<br \/>\n&#8211; Durante una cantidad de ciclos preestablecida<br \/>\n&#8211; En condiciones controladas de laboratorio<br \/>\n&#8211; La diferencia del valor CIELab (Delta E) antes y despu\u00e9s de la abrasi\u00f3n es una medida para la evaluaci\u00f3n<\/p>\n<h4>Condiciones de la prueba<\/h4>\n<p>Atm\u00f3sfera de prueba est\u00e1ndar seg\u00fan ISO 187 (23,0 \u00b1 1,0 \u00b0C y 50 \u00b1 2% HR).<\/p>\n<p><strong>Acondicionamiento de las muestras<\/strong><br \/>\nCorta tanto las muestras impresas como las muestras receptoras no impresas con ayuda de las plantillas de corte y, si es necesario, marca la parte superior\/inferior, as\u00ed como la direccional (MD\/CD). Deja que todas las muestras se acondicionen en la atm\u00f3sfera de prueba durante al menos 6 horas antes de la prueba. Ten en cuenta que una forma diferente de acondicionamiento de las muestras puede influir en los resultados.  <\/p>\n","protected":false},"excerpt":{"rendered":"<p>Comprobador de frotamiento de tinta para probar la resistencia al frotamiento bajo una presi\u00f3n, velocidad y (opcional) temperatura especificadas.<\/p>\n","protected":false},"featured_media":38745,"comment_status":"closed","ping_status":"closed","template":"","meta":{"_acf_changed":false,"inline_featured_image":false},"product_brand":[],"product_cat":[4454,4566,3568,3435,3436,4173],"product_tag":[],"class_list":{"0":"post-38743","1":"product","2":"type-product","3":"status-publish","4":"has-post-thumbnail","6":"product_cat-comprobador-de-frotamiento","7":"product_cat-comprobador-de-frotamiento-2","8":"product_cat-comprobadores-de-papel","9":"product_cat-probadores-de-tinta","10":"product_cat-probadores-graficos","11":"product_cat-seguridad","12":"pa_dimensions-d-x-w-x-h-cm-23-x-31-x-28","13":"pa_weight-15-kg","15":"first","16":"instock","17":"shipping-taxable","18":"purchasable","19":"product-type-simple"},"acf":[],"yoast_head":"<!-- This site is optimized with the Yoast SEO plugin v27.3 - https:\/\/yoast.com\/product\/yoast-seo-wordpress\/ -->\n<title>Frotador de tinta IGT - IGT Testing Systems<\/title>\n<meta name=\"description\" content=\"El Frotador de Tinta IGT permite comparar la resistencia a la abrasi\u00f3n de distintos materiales en condiciones controladas seg\u00fan ASTM D5264, Tappi T 830.\" \/>\n<meta name=\"robots\" content=\"index, follow, max-snippet:-1, max-image-preview:large, max-video-preview:-1\" \/>\n<link rel=\"canonical\" href=\"https:\/\/www.igt.nl\/es\/producto\/frotador-de-tinta-igt\/\" \/>\n<meta property=\"og:locale\" content=\"es_ES\" \/>\n<meta property=\"og:type\" content=\"article\" \/>\n<meta property=\"og:title\" content=\"Frotador de tinta IGT - IGT Testing Systems\" \/>\n<meta property=\"og:description\" content=\"El Frotador de Tinta IGT permite comparar la resistencia a la abrasi\u00f3n de distintos materiales en condiciones controladas seg\u00fan ASTM D5264, Tappi T 830.\" \/>\n<meta property=\"og:url\" content=\"https:\/\/www.igt.nl\/es\/producto\/frotador-de-tinta-igt\/\" \/>\n<meta property=\"og:site_name\" content=\"IGT Testing Systems\" \/>\n<meta property=\"article:modified_time\" content=\"2025-12-17T08:03:02+00:00\" \/>\n<meta property=\"og:image\" content=\"https:\/\/www.igt.nl\/wp-content\/uploads\/510.000-Sutherland_MGF3347_rvs_1-1-1.jpg\" \/>\n\t<meta property=\"og:image:width\" content=\"801\" \/>\n\t<meta property=\"og:image:height\" content=\"801\" \/>\n\t<meta property=\"og:image:type\" content=\"image\/jpeg\" \/>\n<meta name=\"twitter:card\" content=\"summary_large_image\" \/>\n<meta name=\"twitter:label1\" content=\"Tiempo de lectura\" \/>\n\t<meta name=\"twitter:data1\" content=\"2 minutos\" \/>\n<script type=\"application\/ld+json\" class=\"yoast-schema-graph\">{\"@context\":\"https:\\\/\\\/schema.org\",\"@graph\":[{\"@type\":\"WebPage\",\"@id\":\"https:\\\/\\\/www.igt.nl\\\/es\\\/producto\\\/frotador-de-tinta-igt\\\/\",\"url\":\"https:\\\/\\\/www.igt.nl\\\/es\\\/producto\\\/frotador-de-tinta-igt\\\/\",\"name\":\"Frotador de tinta IGT - IGT Testing Systems\",\"isPartOf\":{\"@id\":\"https:\\\/\\\/www.igt.nl\\\/es\\\/#website\"},\"primaryImageOfPage\":{\"@id\":\"https:\\\/\\\/www.igt.nl\\\/es\\\/producto\\\/frotador-de-tinta-igt\\\/#primaryimage\"},\"image\":{\"@id\":\"https:\\\/\\\/www.igt.nl\\\/es\\\/producto\\\/frotador-de-tinta-igt\\\/#primaryimage\"},\"thumbnailUrl\":\"https:\\\/\\\/www.igt.nl\\\/wp-content\\\/uploads\\\/510.000-Sutherland_MGF3347_rvs_1-1-1.jpg\",\"datePublished\":\"2019-07-11T06:00:42+00:00\",\"dateModified\":\"2025-12-17T08:03:02+00:00\",\"description\":\"El Frotador de Tinta IGT permite comparar la resistencia a la abrasi\u00f3n de distintos materiales en condiciones controladas seg\u00fan ASTM D5264, Tappi T 830.\",\"breadcrumb\":{\"@id\":\"https:\\\/\\\/www.igt.nl\\\/es\\\/producto\\\/frotador-de-tinta-igt\\\/#breadcrumb\"},\"inLanguage\":\"es\",\"potentialAction\":[{\"@type\":\"ReadAction\",\"target\":[\"https:\\\/\\\/www.igt.nl\\\/es\\\/producto\\\/frotador-de-tinta-igt\\\/\"]}]},{\"@type\":\"ImageObject\",\"inLanguage\":\"es\",\"@id\":\"https:\\\/\\\/www.igt.nl\\\/es\\\/producto\\\/frotador-de-tinta-igt\\\/#primaryimage\",\"url\":\"https:\\\/\\\/www.igt.nl\\\/wp-content\\\/uploads\\\/510.000-Sutherland_MGF3347_rvs_1-1-1.jpg\",\"contentUrl\":\"https:\\\/\\\/www.igt.nl\\\/wp-content\\\/uploads\\\/510.000-Sutherland_MGF3347_rvs_1-1-1.jpg\",\"width\":801,\"height\":801},{\"@type\":\"BreadcrumbList\",\"@id\":\"https:\\\/\\\/www.igt.nl\\\/es\\\/producto\\\/frotador-de-tinta-igt\\\/#breadcrumb\",\"itemListElement\":[{\"@type\":\"ListItem\",\"position\":1,\"name\":\"Home\",\"item\":\"https:\\\/\\\/www.igt.nl\\\/es\\\/?page_id=36171\"},{\"@type\":\"ListItem\",\"position\":2,\"name\":\"Tienda\",\"item\":\"https:\\\/\\\/www.igt.nl\\\/es\\\/?page_id=36068\"},{\"@type\":\"ListItem\",\"position\":3,\"name\":\"Probadores gr\u00e1ficos\",\"item\":\"https:\\\/\\\/www.igt.nl\\\/es\\\/product-categorie\\\/probadores-graficos\\\/\"},{\"@type\":\"ListItem\",\"position\":4,\"name\":\"Frotador de tinta IGT\"}]},{\"@type\":\"WebSite\",\"@id\":\"https:\\\/\\\/www.igt.nl\\\/es\\\/#website\",\"url\":\"https:\\\/\\\/www.igt.nl\\\/es\\\/\",\"name\":\"IGT Testing Systems\",\"description\":\"\",\"potentialAction\":[{\"@type\":\"SearchAction\",\"target\":{\"@type\":\"EntryPoint\",\"urlTemplate\":\"https:\\\/\\\/www.igt.nl\\\/es\\\/?s={search_term_string}\"},\"query-input\":{\"@type\":\"PropertyValueSpecification\",\"valueRequired\":true,\"valueName\":\"search_term_string\"}}],\"inLanguage\":\"es\"}]}<\/script>\n<!-- \/ Yoast SEO plugin. -->","yoast_head_json":{"title":"Frotador de tinta IGT - IGT Testing Systems","description":"El Frotador de Tinta IGT permite comparar la resistencia a la abrasi\u00f3n de distintos materiales en condiciones controladas seg\u00fan ASTM D5264, Tappi T 830.","robots":{"index":"index","follow":"follow","max-snippet":"max-snippet:-1","max-image-preview":"max-image-preview:large","max-video-preview":"max-video-preview:-1"},"canonical":"https:\/\/www.igt.nl\/es\/producto\/frotador-de-tinta-igt\/","og_locale":"es_ES","og_type":"article","og_title":"Frotador de tinta IGT - IGT Testing Systems","og_description":"El Frotador de Tinta IGT permite comparar la resistencia a la abrasi\u00f3n de distintos materiales en condiciones controladas seg\u00fan ASTM D5264, Tappi T 830.","og_url":"https:\/\/www.igt.nl\/es\/producto\/frotador-de-tinta-igt\/","og_site_name":"IGT Testing Systems","article_modified_time":"2025-12-17T08:03:02+00:00","og_image":[{"width":801,"height":801,"url":"https:\/\/www.igt.nl\/wp-content\/uploads\/510.000-Sutherland_MGF3347_rvs_1-1-1.jpg","type":"image\/jpeg"}],"twitter_card":"summary_large_image","twitter_misc":{"Tiempo de lectura":"2 minutos"},"schema":{"@context":"https:\/\/schema.org","@graph":[{"@type":"WebPage","@id":"https:\/\/www.igt.nl\/es\/producto\/frotador-de-tinta-igt\/","url":"https:\/\/www.igt.nl\/es\/producto\/frotador-de-tinta-igt\/","name":"Frotador de tinta IGT - IGT Testing Systems","isPartOf":{"@id":"https:\/\/www.igt.nl\/es\/#website"},"primaryImageOfPage":{"@id":"https:\/\/www.igt.nl\/es\/producto\/frotador-de-tinta-igt\/#primaryimage"},"image":{"@id":"https:\/\/www.igt.nl\/es\/producto\/frotador-de-tinta-igt\/#primaryimage"},"thumbnailUrl":"https:\/\/www.igt.nl\/wp-content\/uploads\/510.000-Sutherland_MGF3347_rvs_1-1-1.jpg","datePublished":"2019-07-11T06:00:42+00:00","dateModified":"2025-12-17T08:03:02+00:00","description":"El Frotador de Tinta IGT permite comparar la resistencia a la abrasi\u00f3n de distintos materiales en condiciones controladas seg\u00fan ASTM D5264, Tappi T 830.","breadcrumb":{"@id":"https:\/\/www.igt.nl\/es\/producto\/frotador-de-tinta-igt\/#breadcrumb"},"inLanguage":"es","potentialAction":[{"@type":"ReadAction","target":["https:\/\/www.igt.nl\/es\/producto\/frotador-de-tinta-igt\/"]}]},{"@type":"ImageObject","inLanguage":"es","@id":"https:\/\/www.igt.nl\/es\/producto\/frotador-de-tinta-igt\/#primaryimage","url":"https:\/\/www.igt.nl\/wp-content\/uploads\/510.000-Sutherland_MGF3347_rvs_1-1-1.jpg","contentUrl":"https:\/\/www.igt.nl\/wp-content\/uploads\/510.000-Sutherland_MGF3347_rvs_1-1-1.jpg","width":801,"height":801},{"@type":"BreadcrumbList","@id":"https:\/\/www.igt.nl\/es\/producto\/frotador-de-tinta-igt\/#breadcrumb","itemListElement":[{"@type":"ListItem","position":1,"name":"Home","item":"https:\/\/www.igt.nl\/es\/?page_id=36171"},{"@type":"ListItem","position":2,"name":"Tienda","item":"https:\/\/www.igt.nl\/es\/?page_id=36068"},{"@type":"ListItem","position":3,"name":"Probadores gr\u00e1ficos","item":"https:\/\/www.igt.nl\/es\/product-categorie\/probadores-graficos\/"},{"@type":"ListItem","position":4,"name":"Frotador de tinta IGT"}]},{"@type":"WebSite","@id":"https:\/\/www.igt.nl\/es\/#website","url":"https:\/\/www.igt.nl\/es\/","name":"IGT Testing Systems","description":"","potentialAction":[{"@type":"SearchAction","target":{"@type":"EntryPoint","urlTemplate":"https:\/\/www.igt.nl\/es\/?s={search_term_string}"},"query-input":{"@type":"PropertyValueSpecification","valueRequired":true,"valueName":"search_term_string"}}],"inLanguage":"es"}]}},"_links":{"self":[{"href":"https:\/\/www.igt.nl\/es\/wp-json\/wp\/v2\/product\/38743","targetHints":{"allow":["GET"]}}],"collection":[{"href":"https:\/\/www.igt.nl\/es\/wp-json\/wp\/v2\/product"}],"about":[{"href":"https:\/\/www.igt.nl\/es\/wp-json\/wp\/v2\/types\/product"}],"replies":[{"embeddable":true,"href":"https:\/\/www.igt.nl\/es\/wp-json\/wp\/v2\/comments?post=38743"}],"wp:featuredmedia":[{"embeddable":true,"href":"https:\/\/www.igt.nl\/es\/wp-json\/wp\/v2\/media\/38745"}],"wp:attachment":[{"href":"https:\/\/www.igt.nl\/es\/wp-json\/wp\/v2\/media?parent=38743"}],"wp:term":[{"taxonomy":"product_brand","embeddable":true,"href":"https:\/\/www.igt.nl\/es\/wp-json\/wp\/v2\/product_brand?post=38743"},{"taxonomy":"product_cat","embeddable":true,"href":"https:\/\/www.igt.nl\/es\/wp-json\/wp\/v2\/product_cat?post=38743"},{"taxonomy":"product_tag","embeddable":true,"href":"https:\/\/www.igt.nl\/es\/wp-json\/wp\/v2\/product_tag?post=38743"}],"curies":[{"name":"wp","href":"https:\/\/api.w.org\/{rel}","templated":true}]}}