{"id":38754,"date":"2019-07-11T06:00:47","date_gmt":"2019-07-11T06:00:47","guid":{"rendered":"https:\/\/www.igt.nl\/?post_type=product&#038;p=38754"},"modified":"2025-12-17T08:03:02","modified_gmt":"2025-12-17T08:03:02","slug":"comprobador-lintview","status":"publish","type":"product","link":"https:\/\/www.igt.nl\/es\/producto\/comprobador-lintview\/","title":{"rendered":"Comprobador LintView"},"content":{"rendered":"<p>Las pelusas de los tipos de papel no estucados pueden provocar problemas durante la impresi\u00f3n o el procesado. Para la industria papelera, es importante poder comprobar si el papel tiende a perder fibras durante el proceso de producci\u00f3n. Con el Comprobador LintView, IGT Testing Systems ofrece un sistema r\u00e1pido, sencillo y preciso para detectar pelusas.  <\/p>\n<p>Las pelusas de los tipos de papel no estucados se producen por el desprendimiento de fibras o haces de fibras de la superficie del papel. Esta forma de pelusa no debe confundirse con los problemas relacionados con el polvo de papel o con el desprendimiento del revestimiento de los tipos de papel estucado. El polvo no forma parte del papel y se desprende f\u00e1cilmente. Aunque el desprendimiento de estas part\u00edculas de polvo durante la impresi\u00f3n no da\u00f1a el papel, puede causar problemas de impresi\u00f3n. El despegue del revestimiento de los tipos de papel estucado tambi\u00e9n causa problemas, pero se necesita mucha m\u00e1s fuerza para que se produzca el despegue que para que se formen pelusas, como puede ocurrir con las tintas muy adherentes.    <\/p>\n<p>Existen varios m\u00e9todos de ensayo para determinar y medir la pelusa. Sin embargo, estas pruebas suelen llevar mucho tiempo o no siempre proporcionan la informaci\u00f3n necesaria. Adem\u00e1s, suelen producirse en una fase tard\u00eda del proceso, a menudo meses despu\u00e9s de la fabricaci\u00f3n del papel, es decir, cuando el papel ya est\u00e1 en la imprenta.  <\/p>\n<p>Es crucial que los fabricantes de papel comprueben el papel de forma r\u00e1pida, f\u00e1cil y precisa durante la producci\u00f3n, en toda la anchura de la m\u00e1quina de papel y por ambas caras. Adem\u00e1s, analizar r\u00e1pidamente los datos medidos es esencial para identificar y suprimir la tendencia a la formaci\u00f3n de pelusa. El Comprobador IGT LintView permite esta capacidad.  <\/p>\n","protected":false},"excerpt":{"rendered":"<p>El IGT LintView es un sistema r\u00e1pido, f\u00e1cil y preciso para controlar la calidad del papel en relaci\u00f3n con los siguientes aspectos:<\/p>\n<ul>\n<li>Polvo<\/li>\n<li>Pelusa<\/li>\n<li>C\u00e9lulas vasculares y urticaria<\/li>\n<li>Part\u00edculas especiales<\/li>\n<\/ul>\n","protected":false},"featured_media":38755,"comment_status":"closed","ping_status":"closed","template":"","meta":{"_acf_changed":false,"inline_featured_image":false},"product_brand":[],"product_cat":[3568,4594,4173],"product_tag":[],"class_list":{"0":"post-38754","1":"product","2":"type-product","3":"status-publish","4":"has-post-thumbnail","6":"product_cat-comprobadores-de-papel","7":"product_cat-lintview","8":"product_cat-seguridad","9":"product_shipping_class-normaal","11":"first","12":"instock","13":"featured","14":"shipping-taxable","15":"purchasable","16":"product-type-simple"},"acf":[],"yoast_head":"<!-- This site is optimized with the Yoast SEO plugin v27.3 - https:\/\/yoast.com\/product\/yoast-seo-wordpress\/ -->\n<title>Comprobador LintView - IGT Testing Systems<\/title>\n<meta name=\"description\" content=\"Crucial para que los fabricantes de papel, envases y pa\u00f1uelos de papel comprueben el papel de forma r\u00e1pida, f\u00e1cil y precisa para detectar cualquier tendencia a perder fibras durante la producci\u00f3n.\" \/>\n<meta name=\"robots\" content=\"index, follow, max-snippet:-1, max-image-preview:large, max-video-preview:-1\" \/>\n<link rel=\"canonical\" href=\"https:\/\/www.igt.nl\/es\/producto\/comprobador-lintview\/\" \/>\n<meta property=\"og:locale\" content=\"es_ES\" \/>\n<meta property=\"og:type\" content=\"article\" \/>\n<meta property=\"og:title\" content=\"Comprobador LintView - IGT Testing Systems\" \/>\n<meta property=\"og:description\" content=\"Crucial para que los fabricantes de papel, envases y pa\u00f1uelos de papel comprueben el papel de forma r\u00e1pida, f\u00e1cil y precisa para detectar cualquier tendencia a perder fibras durante la producci\u00f3n.\" \/>\n<meta property=\"og:url\" content=\"https:\/\/www.igt.nl\/es\/producto\/comprobador-lintview\/\" \/>\n<meta property=\"og:site_name\" content=\"IGT Testing Systems\" \/>\n<meta property=\"article:modified_time\" content=\"2025-12-17T08:03:02+00:00\" \/>\n<meta property=\"og:image\" content=\"https:\/\/www.igt.nl\/wp-content\/uploads\/0293-IGT-Lintview-0000_HR-scaled-1.jpg\" \/>\n\t<meta property=\"og:image:width\" content=\"1450\" \/>\n\t<meta property=\"og:image:height\" content=\"967\" \/>\n\t<meta property=\"og:image:type\" content=\"image\/jpeg\" \/>\n<meta name=\"twitter:card\" content=\"summary_large_image\" \/>\n<meta name=\"twitter:label1\" content=\"Tiempo de lectura\" \/>\n\t<meta name=\"twitter:data1\" content=\"2 minutos\" \/>\n<script type=\"application\/ld+json\" class=\"yoast-schema-graph\">{\"@context\":\"https:\\\/\\\/schema.org\",\"@graph\":[{\"@type\":\"WebPage\",\"@id\":\"https:\\\/\\\/www.igt.nl\\\/es\\\/producto\\\/comprobador-lintview\\\/\",\"url\":\"https:\\\/\\\/www.igt.nl\\\/es\\\/producto\\\/comprobador-lintview\\\/\",\"name\":\"Comprobador LintView - IGT Testing Systems\",\"isPartOf\":{\"@id\":\"https:\\\/\\\/www.igt.nl\\\/es\\\/#website\"},\"primaryImageOfPage\":{\"@id\":\"https:\\\/\\\/www.igt.nl\\\/es\\\/producto\\\/comprobador-lintview\\\/#primaryimage\"},\"image\":{\"@id\":\"https:\\\/\\\/www.igt.nl\\\/es\\\/producto\\\/comprobador-lintview\\\/#primaryimage\"},\"thumbnailUrl\":\"https:\\\/\\\/www.igt.nl\\\/wp-content\\\/uploads\\\/0293-IGT-Lintview-0000_HR-scaled-1.jpg\",\"datePublished\":\"2019-07-11T06:00:47+00:00\",\"dateModified\":\"2025-12-17T08:03:02+00:00\",\"description\":\"Crucial para que los fabricantes de papel, envases y pa\u00f1uelos de papel comprueben el papel de forma r\u00e1pida, f\u00e1cil y precisa para detectar cualquier tendencia a perder fibras durante la producci\u00f3n.\",\"breadcrumb\":{\"@id\":\"https:\\\/\\\/www.igt.nl\\\/es\\\/producto\\\/comprobador-lintview\\\/#breadcrumb\"},\"inLanguage\":\"es\",\"potentialAction\":[{\"@type\":\"ReadAction\",\"target\":[\"https:\\\/\\\/www.igt.nl\\\/es\\\/producto\\\/comprobador-lintview\\\/\"]}]},{\"@type\":\"ImageObject\",\"inLanguage\":\"es\",\"@id\":\"https:\\\/\\\/www.igt.nl\\\/es\\\/producto\\\/comprobador-lintview\\\/#primaryimage\",\"url\":\"https:\\\/\\\/www.igt.nl\\\/wp-content\\\/uploads\\\/0293-IGT-Lintview-0000_HR-scaled-1.jpg\",\"contentUrl\":\"https:\\\/\\\/www.igt.nl\\\/wp-content\\\/uploads\\\/0293-IGT-Lintview-0000_HR-scaled-1.jpg\",\"width\":1450,\"height\":967},{\"@type\":\"BreadcrumbList\",\"@id\":\"https:\\\/\\\/www.igt.nl\\\/es\\\/producto\\\/comprobador-lintview\\\/#breadcrumb\",\"itemListElement\":[{\"@type\":\"ListItem\",\"position\":1,\"name\":\"Home\",\"item\":\"https:\\\/\\\/www.igt.nl\\\/es\\\/?page_id=36171\"},{\"@type\":\"ListItem\",\"position\":2,\"name\":\"Tienda\",\"item\":\"https:\\\/\\\/www.igt.nl\\\/es\\\/?page_id=36068\"},{\"@type\":\"ListItem\",\"position\":3,\"name\":\"Comprobadores de papel\",\"item\":\"https:\\\/\\\/www.igt.nl\\\/es\\\/product-categorie\\\/comprobadores-de-papel\\\/\"},{\"@type\":\"ListItem\",\"position\":4,\"name\":\"Comprobador LintView\"}]},{\"@type\":\"WebSite\",\"@id\":\"https:\\\/\\\/www.igt.nl\\\/es\\\/#website\",\"url\":\"https:\\\/\\\/www.igt.nl\\\/es\\\/\",\"name\":\"IGT Testing Systems\",\"description\":\"\",\"potentialAction\":[{\"@type\":\"SearchAction\",\"target\":{\"@type\":\"EntryPoint\",\"urlTemplate\":\"https:\\\/\\\/www.igt.nl\\\/es\\\/?s={search_term_string}\"},\"query-input\":{\"@type\":\"PropertyValueSpecification\",\"valueRequired\":true,\"valueName\":\"search_term_string\"}}],\"inLanguage\":\"es\"}]}<\/script>\n<!-- \/ Yoast SEO plugin. -->","yoast_head_json":{"title":"Comprobador LintView - IGT Testing Systems","description":"Crucial para que los fabricantes de papel, envases y pa\u00f1uelos de papel comprueben el papel de forma r\u00e1pida, f\u00e1cil y precisa para detectar cualquier tendencia a perder fibras durante la producci\u00f3n.","robots":{"index":"index","follow":"follow","max-snippet":"max-snippet:-1","max-image-preview":"max-image-preview:large","max-video-preview":"max-video-preview:-1"},"canonical":"https:\/\/www.igt.nl\/es\/producto\/comprobador-lintview\/","og_locale":"es_ES","og_type":"article","og_title":"Comprobador LintView - IGT Testing Systems","og_description":"Crucial para que los fabricantes de papel, envases y pa\u00f1uelos de papel comprueben el papel de forma r\u00e1pida, f\u00e1cil y precisa para detectar cualquier tendencia a perder fibras durante la producci\u00f3n.","og_url":"https:\/\/www.igt.nl\/es\/producto\/comprobador-lintview\/","og_site_name":"IGT Testing Systems","article_modified_time":"2025-12-17T08:03:02+00:00","og_image":[{"width":1450,"height":967,"url":"https:\/\/www.igt.nl\/wp-content\/uploads\/0293-IGT-Lintview-0000_HR-scaled-1.jpg","type":"image\/jpeg"}],"twitter_card":"summary_large_image","twitter_misc":{"Tiempo de lectura":"2 minutos"},"schema":{"@context":"https:\/\/schema.org","@graph":[{"@type":"WebPage","@id":"https:\/\/www.igt.nl\/es\/producto\/comprobador-lintview\/","url":"https:\/\/www.igt.nl\/es\/producto\/comprobador-lintview\/","name":"Comprobador LintView - IGT Testing Systems","isPartOf":{"@id":"https:\/\/www.igt.nl\/es\/#website"},"primaryImageOfPage":{"@id":"https:\/\/www.igt.nl\/es\/producto\/comprobador-lintview\/#primaryimage"},"image":{"@id":"https:\/\/www.igt.nl\/es\/producto\/comprobador-lintview\/#primaryimage"},"thumbnailUrl":"https:\/\/www.igt.nl\/wp-content\/uploads\/0293-IGT-Lintview-0000_HR-scaled-1.jpg","datePublished":"2019-07-11T06:00:47+00:00","dateModified":"2025-12-17T08:03:02+00:00","description":"Crucial para que los fabricantes de papel, envases y pa\u00f1uelos de papel comprueben el papel de forma r\u00e1pida, f\u00e1cil y precisa para detectar cualquier tendencia a perder fibras durante la producci\u00f3n.","breadcrumb":{"@id":"https:\/\/www.igt.nl\/es\/producto\/comprobador-lintview\/#breadcrumb"},"inLanguage":"es","potentialAction":[{"@type":"ReadAction","target":["https:\/\/www.igt.nl\/es\/producto\/comprobador-lintview\/"]}]},{"@type":"ImageObject","inLanguage":"es","@id":"https:\/\/www.igt.nl\/es\/producto\/comprobador-lintview\/#primaryimage","url":"https:\/\/www.igt.nl\/wp-content\/uploads\/0293-IGT-Lintview-0000_HR-scaled-1.jpg","contentUrl":"https:\/\/www.igt.nl\/wp-content\/uploads\/0293-IGT-Lintview-0000_HR-scaled-1.jpg","width":1450,"height":967},{"@type":"BreadcrumbList","@id":"https:\/\/www.igt.nl\/es\/producto\/comprobador-lintview\/#breadcrumb","itemListElement":[{"@type":"ListItem","position":1,"name":"Home","item":"https:\/\/www.igt.nl\/es\/?page_id=36171"},{"@type":"ListItem","position":2,"name":"Tienda","item":"https:\/\/www.igt.nl\/es\/?page_id=36068"},{"@type":"ListItem","position":3,"name":"Comprobadores de papel","item":"https:\/\/www.igt.nl\/es\/product-categorie\/comprobadores-de-papel\/"},{"@type":"ListItem","position":4,"name":"Comprobador LintView"}]},{"@type":"WebSite","@id":"https:\/\/www.igt.nl\/es\/#website","url":"https:\/\/www.igt.nl\/es\/","name":"IGT Testing Systems","description":"","potentialAction":[{"@type":"SearchAction","target":{"@type":"EntryPoint","urlTemplate":"https:\/\/www.igt.nl\/es\/?s={search_term_string}"},"query-input":{"@type":"PropertyValueSpecification","valueRequired":true,"valueName":"search_term_string"}}],"inLanguage":"es"}]}},"_links":{"self":[{"href":"https:\/\/www.igt.nl\/es\/wp-json\/wp\/v2\/product\/38754","targetHints":{"allow":["GET"]}}],"collection":[{"href":"https:\/\/www.igt.nl\/es\/wp-json\/wp\/v2\/product"}],"about":[{"href":"https:\/\/www.igt.nl\/es\/wp-json\/wp\/v2\/types\/product"}],"replies":[{"embeddable":true,"href":"https:\/\/www.igt.nl\/es\/wp-json\/wp\/v2\/comments?post=38754"}],"wp:featuredmedia":[{"embeddable":true,"href":"https:\/\/www.igt.nl\/es\/wp-json\/wp\/v2\/media\/38755"}],"wp:attachment":[{"href":"https:\/\/www.igt.nl\/es\/wp-json\/wp\/v2\/media?parent=38754"}],"wp:term":[{"taxonomy":"product_brand","embeddable":true,"href":"https:\/\/www.igt.nl\/es\/wp-json\/wp\/v2\/product_brand?post=38754"},{"taxonomy":"product_cat","embeddable":true,"href":"https:\/\/www.igt.nl\/es\/wp-json\/wp\/v2\/product_cat?post=38754"},{"taxonomy":"product_tag","embeddable":true,"href":"https:\/\/www.igt.nl\/es\/wp-json\/wp\/v2\/product_tag?post=38754"}],"curies":[{"name":"wp","href":"https:\/\/api.w.org\/{rel}","templated":true}]}}